{"id":131,"date":"2025-12-07T14:25:06","date_gmt":"2025-12-07T14:25:06","guid":{"rendered":"https:\/\/lonnrotinkoulu.fi\/?page_id=131"},"modified":"2025-12-14T17:10:51","modified_gmt":"2025-12-14T17:10:51","slug":"daughter-of-the-north","status":"publish","type":"page","link":"https:\/\/lonnrotinkoulu.fi\/en\/yritykset\/daughter-of-the-north\/","title":{"rendered":"Daughter of the North"},"content":{"rendered":"<h2 class=\"wp-block-heading\">Edith Saastamoinen-Torvi and Juho Torvi<\/h2>\n\n\n\n<div style=\"height:35px\" aria-hidden=\"true\" class=\"wp-block-spacer\"><\/div>\n\n\n\n<figure class=\"wp-block-image\"><img loading=\"lazy\" decoding=\"async\" width=\"683\" height=\"1024\" src=\"https:\/\/lonnrotinkoulu.fi\/wp-content\/uploads\/2025\/12\/Daughter_of_the_North_mallikuva-683x1024.webp\" alt=\"Daughter of the North koruyrityksen mallikuva.\" class=\"wp-image-381\" srcset=\"https:\/\/lonnrotinkoulu.fi\/wp-content\/uploads\/2025\/12\/Daughter_of_the_North_mallikuva-683x1024.webp 683w, https:\/\/lonnrotinkoulu.fi\/wp-content\/uploads\/2025\/12\/Daughter_of_the_North_mallikuva-200x300.webp 200w, https:\/\/lonnrotinkoulu.fi\/wp-content\/uploads\/2025\/12\/Daughter_of_the_North_mallikuva-768x1152.webp 768w, https:\/\/lonnrotinkoulu.fi\/wp-content\/uploads\/2025\/12\/Daughter_of_the_North_mallikuva-1024x1536.webp 1024w, https:\/\/lonnrotinkoulu.fi\/wp-content\/uploads\/2025\/12\/Daughter_of_the_North_mallikuva-1365x2048.webp 1365w, https:\/\/lonnrotinkoulu.fi\/wp-content\/uploads\/2025\/12\/Daughter_of_the_North_mallikuva-8x12.webp 8w, https:\/\/lonnrotinkoulu.fi\/wp-content\/uploads\/2025\/12\/Daughter_of_the_North_mallikuva-scaled.webp 1707w\" sizes=\"auto, (max-width: 683px) 100vw, 683px\" \/><\/figure>\n\n\n\n<div style=\"height:47px\" aria-hidden=\"true\" class=\"wp-block-spacer\"><\/div>\n\n\n\n<p>Daughter of the North is a rapidly growing Finnish design brand, whose products are sold not only through its online store but also at trade fairs and by around 30 retailers across Finland.<\/p>\n\n\n\n<p>Edith Saastamoinen-Torvi and Juho Torvi run Daughter of the North together, and Edith is the designer behind the brand\u2019s jewelry. Edith and Juho create handcrafted, nature-inspired pieces known for their carefully designed colors, beautiful details, and lively expression. Each piece tells a story \u2013 the glow of berries, the shades of the forest, and the small wonders of nature transform into jewelry that carries memories and emotions from lived experiences.<\/p>\n\n\n\n<p>The company\u2019s name was inspired by the Kalevala, which is why, according to Edith and Juho, L\u00f6nnrot School \u2013 named after Elias L\u00f6nnrot, the compiler of the Kalevala \u2013 felt like a natural and meaningful environment for their work. The historic building\u2019s narrative quality and timeless aesthetics perfectly align with their brand values and the idea of creating products designed to endure over time.<\/p>\n\n\n\n<div style=\"height:40px\" aria-hidden=\"true\" class=\"wp-block-spacer\"><\/div>\n\n\n\n<div class=\"wp-block-buttons is-layout-flex wp-block-buttons-is-layout-flex\">\n<div class=\"wp-block-button\"><a class=\"wp-block-button__link wp-element-button\" href=\"https:\/\/daughterofthenorth.fi\/\">Online shop<\/a><\/div>\n<\/div>\n\n\n\n<div style=\"height:98px\" aria-hidden=\"true\" class=\"wp-block-spacer\"><\/div>\n\n\n\n<h2 class=\"wp-block-heading\">Daughter of the North creates earrings, necklaces, bracelets, and stitch markers<\/h2>\n\n\n\n<div style=\"height:98px\" aria-hidden=\"true\" class=\"wp-block-spacer\"><\/div>\n\n\n\n\n\n\n<div style=\"height:98px\" aria-hidden=\"true\" class=\"wp-block-spacer\"><\/div>","protected":false},"excerpt":{"rendered":"<p>Edith Saastamoinen-Torvi ja Juho Torvi Daughter of the North on nopeasti kasvava suomalainen designbr\u00e4ndi, jonka tuotteita myyd\u00e4\u00e4n verkkokaupan lis\u00e4ksi messutapahtumissa ja noin 30 j\u00e4lleenmyyj\u00e4ll\u00e4 eri puolilla Suomea. Edith Saastamoinen-Torvi ja Juho Torvi py\u00f6ritt\u00e4v\u00e4t yhdess\u00e4 Daughter of the Northia, ja Edith suunnittelee br\u00e4ndin korut. Edith ja Juho luovat k\u00e4sintehtyj\u00e4 luontoaiheisia koruja, joiden tunnusmerkkein\u00e4 ovat tarkkaan suunnitellut [&hellip;]<\/p>\n","protected":false},"author":1,"featured_media":0,"parent":2,"menu_order":0,"comment_status":"closed","ping_status":"closed","template":"","meta":{"footnotes":""},"class_list":["post-131","page","type-page","status-publish","hentry"],"yoast_head":"<!-- This site is optimized with the Yoast SEO plugin v27.5 - https:\/\/yoast.com\/product\/yoast-seo-wordpress\/ -->\n<title>Daughter of the North - L&Ouml;NNROTIN KOULU<\/title>\n<meta name=\"robots\" content=\"index, follow, max-snippet:-1, max-image-preview:large, max-video-preview:-1\" \/>\n<link rel=\"canonical\" href=\"https:\/\/lonnrotinkoulu.fi\/en\/yritykset\/daughter-of-the-north\/\" \/>\n<meta property=\"og:locale\" content=\"en_US\" \/>\n<meta property=\"og:type\" content=\"article\" \/>\n<meta property=\"og:title\" content=\"Daughter of the North - L&Ouml;NNROTIN KOULU\" \/>\n<meta property=\"og:description\" content=\"Edith Saastamoinen-Torvi ja Juho Torvi Daughter of the North on nopeasti kasvava suomalainen designbr\u00e4ndi, jonka tuotteita myyd\u00e4\u00e4n verkkokaupan lis\u00e4ksi messutapahtumissa ja noin 30 j\u00e4lleenmyyj\u00e4ll\u00e4 eri puolilla Suomea. Edith Saastamoinen-Torvi ja Juho Torvi py\u00f6ritt\u00e4v\u00e4t yhdess\u00e4 Daughter of the Northia, ja Edith suunnittelee br\u00e4ndin korut. Edith ja Juho luovat k\u00e4sintehtyj\u00e4 luontoaiheisia koruja, joiden tunnusmerkkein\u00e4 ovat tarkkaan suunnitellut [&hellip;]\" \/>\n<meta property=\"og:url\" content=\"https:\/\/lonnrotinkoulu.fi\/en\/yritykset\/daughter-of-the-north\/\" \/>\n<meta property=\"og:site_name\" content=\"L&Ouml;NNROTIN KOULU\" \/>\n<meta property=\"article:modified_time\" content=\"2025-12-14T17:10:51+00:00\" \/>\n<meta property=\"og:image\" content=\"https:\/\/lonnrotinkoulu.fi\/wp-content\/uploads\/2025\/12\/Daughter_of_the_North_mallikuva-scaled.webp\" \/>\n\t<meta property=\"og:image:width\" content=\"1707\" \/>\n\t<meta property=\"og:image:height\" content=\"2560\" \/>\n\t<meta property=\"og:image:type\" content=\"image\/webp\" \/>\n<meta name=\"twitter:card\" content=\"summary_large_image\" \/>\n<meta name=\"twitter:label1\" content=\"Est. reading time\" \/>\n\t<meta name=\"twitter:data1\" content=\"2 minutes\" \/>\n<script type=\"application\/ld+json\" class=\"yoast-schema-graph\">{\"@context\":\"https:\\\/\\\/schema.org\",\"@graph\":[{\"@type\":\"WebPage\",\"@id\":\"https:\\\/\\\/lonnrotinkoulu.fi\\\/yritykset\\\/daughter-of-the-north\\\/\",\"url\":\"https:\\\/\\\/lonnrotinkoulu.fi\\\/yritykset\\\/daughter-of-the-north\\\/\",\"name\":\"Daughter of the North - L&Ouml;NNROTIN KOULU\",\"isPartOf\":{\"@id\":\"https:\\\/\\\/lonnrotinkoulu.fi\\\/#website\"},\"primaryImageOfPage\":{\"@id\":\"https:\\\/\\\/lonnrotinkoulu.fi\\\/yritykset\\\/daughter-of-the-north\\\/#primaryimage\"},\"image\":{\"@id\":\"https:\\\/\\\/lonnrotinkoulu.fi\\\/yritykset\\\/daughter-of-the-north\\\/#primaryimage\"},\"thumbnailUrl\":\"https:\\\/\\\/lonnrotinkoulu.fi\\\/wp-content\\\/uploads\\\/2025\\\/12\\\/Daughter_of_the_North_mallikuva-683x1024.webp\",\"datePublished\":\"2025-12-07T14:25:06+00:00\",\"dateModified\":\"2025-12-14T17:10:51+00:00\",\"breadcrumb\":{\"@id\":\"https:\\\/\\\/lonnrotinkoulu.fi\\\/yritykset\\\/daughter-of-the-north\\\/#breadcrumb\"},\"inLanguage\":\"en-US\",\"potentialAction\":[{\"@type\":\"ReadAction\",\"target\":[\"https:\\\/\\\/lonnrotinkoulu.fi\\\/yritykset\\\/daughter-of-the-north\\\/\"]}]},{\"@type\":\"ImageObject\",\"inLanguage\":\"en-US\",\"@id\":\"https:\\\/\\\/lonnrotinkoulu.fi\\\/yritykset\\\/daughter-of-the-north\\\/#primaryimage\",\"url\":\"https:\\\/\\\/lonnrotinkoulu.fi\\\/wp-content\\\/uploads\\\/2025\\\/12\\\/Daughter_of_the_North_mallikuva-683x1024.webp\",\"contentUrl\":\"https:\\\/\\\/lonnrotinkoulu.fi\\\/wp-content\\\/uploads\\\/2025\\\/12\\\/Daughter_of_the_North_mallikuva-683x1024.webp\"},{\"@type\":\"BreadcrumbList\",\"@id\":\"https:\\\/\\\/lonnrotinkoulu.fi\\\/yritykset\\\/daughter-of-the-north\\\/#breadcrumb\",\"itemListElement\":[{\"@type\":\"ListItem\",\"position\":1,\"name\":\"Etusivu\",\"item\":\"https:\\\/\\\/lonnrotinkoulu.fi\\\/\"},{\"@type\":\"ListItem\",\"position\":2,\"name\":\"Yritykset\",\"item\":\"https:\\\/\\\/lonnrotinkoulu.fi\\\/yritykset\\\/\"},{\"@type\":\"ListItem\",\"position\":3,\"name\":\"Daughter of the North\"}]},{\"@type\":\"WebSite\",\"@id\":\"https:\\\/\\\/lonnrotinkoulu.fi\\\/#website\",\"url\":\"https:\\\/\\\/lonnrotinkoulu.fi\\\/\",\"name\":\"L\u00f6nnrotin Koulu Kajaani\",\"description\":\"Historiallinen yrityskiinteist&ouml; Kajaanissa\",\"publisher\":{\"@id\":\"https:\\\/\\\/lonnrotinkoulu.fi\\\/#organization\"},\"potentialAction\":[{\"@type\":\"SearchAction\",\"target\":{\"@type\":\"EntryPoint\",\"urlTemplate\":\"https:\\\/\\\/lonnrotinkoulu.fi\\\/?s={search_term_string}\"},\"query-input\":{\"@type\":\"PropertyValueSpecification\",\"valueRequired\":true,\"valueName\":\"search_term_string\"}}],\"inLanguage\":\"en-US\"},{\"@type\":\"Organization\",\"@id\":\"https:\\\/\\\/lonnrotinkoulu.fi\\\/#organization\",\"name\":\"Kiinteist\u00f6 Oy L\u00f6nnrotin Koulu\",\"url\":\"https:\\\/\\\/lonnrotinkoulu.fi\\\/\",\"logo\":{\"@type\":\"ImageObject\",\"inLanguage\":\"en-US\",\"@id\":\"https:\\\/\\\/lonnrotinkoulu.fi\\\/#\\\/schema\\\/logo\\\/image\\\/\",\"url\":\"https:\\\/\\\/lonnrotinkoulu.fi\\\/wp-content\\\/uploads\\\/2025\\\/11\\\/logotumma.png\",\"contentUrl\":\"https:\\\/\\\/lonnrotinkoulu.fi\\\/wp-content\\\/uploads\\\/2025\\\/11\\\/logotumma.png\",\"width\":645,\"height\":440,\"caption\":\"Kiinteist\u00f6 Oy L\u00f6nnrotin Koulu\"},\"image\":{\"@id\":\"https:\\\/\\\/lonnrotinkoulu.fi\\\/#\\\/schema\\\/logo\\\/image\\\/\"}}]}<\/script>\n<!-- \/ Yoast SEO plugin. -->","yoast_head_json":{"title":"Daughter of the North - L&Ouml;NNROTIN KOULU","robots":{"index":"index","follow":"follow","max-snippet":"max-snippet:-1","max-image-preview":"max-image-preview:large","max-video-preview":"max-video-preview:-1"},"canonical":"https:\/\/lonnrotinkoulu.fi\/en\/yritykset\/daughter-of-the-north\/","og_locale":"en_US","og_type":"article","og_title":"Daughter of the North - L&Ouml;NNROTIN KOULU","og_description":"Edith Saastamoinen-Torvi ja Juho Torvi Daughter of the North on nopeasti kasvava suomalainen designbr\u00e4ndi, jonka tuotteita myyd\u00e4\u00e4n verkkokaupan lis\u00e4ksi messutapahtumissa ja noin 30 j\u00e4lleenmyyj\u00e4ll\u00e4 eri puolilla Suomea. Edith Saastamoinen-Torvi ja Juho Torvi py\u00f6ritt\u00e4v\u00e4t yhdess\u00e4 Daughter of the Northia, ja Edith suunnittelee br\u00e4ndin korut. Edith ja Juho luovat k\u00e4sintehtyj\u00e4 luontoaiheisia koruja, joiden tunnusmerkkein\u00e4 ovat tarkkaan suunnitellut [&hellip;]","og_url":"https:\/\/lonnrotinkoulu.fi\/en\/yritykset\/daughter-of-the-north\/","og_site_name":"L&Ouml;NNROTIN KOULU","article_modified_time":"2025-12-14T17:10:51+00:00","og_image":[{"width":1707,"height":2560,"url":"https:\/\/lonnrotinkoulu.fi\/wp-content\/uploads\/2025\/12\/Daughter_of_the_North_mallikuva-scaled.webp","type":"image\/webp"}],"twitter_card":"summary_large_image","twitter_misc":{"Est. reading time":"2 minutes"},"schema":{"@context":"https:\/\/schema.org","@graph":[{"@type":"WebPage","@id":"https:\/\/lonnrotinkoulu.fi\/yritykset\/daughter-of-the-north\/","url":"https:\/\/lonnrotinkoulu.fi\/yritykset\/daughter-of-the-north\/","name":"Daughter of the North - L&Ouml;NNROTIN KOULU","isPartOf":{"@id":"https:\/\/lonnrotinkoulu.fi\/#website"},"primaryImageOfPage":{"@id":"https:\/\/lonnrotinkoulu.fi\/yritykset\/daughter-of-the-north\/#primaryimage"},"image":{"@id":"https:\/\/lonnrotinkoulu.fi\/yritykset\/daughter-of-the-north\/#primaryimage"},"thumbnailUrl":"https:\/\/lonnrotinkoulu.fi\/wp-content\/uploads\/2025\/12\/Daughter_of_the_North_mallikuva-683x1024.webp","datePublished":"2025-12-07T14:25:06+00:00","dateModified":"2025-12-14T17:10:51+00:00","breadcrumb":{"@id":"https:\/\/lonnrotinkoulu.fi\/yritykset\/daughter-of-the-north\/#breadcrumb"},"inLanguage":"en-US","potentialAction":[{"@type":"ReadAction","target":["https:\/\/lonnrotinkoulu.fi\/yritykset\/daughter-of-the-north\/"]}]},{"@type":"ImageObject","inLanguage":"en-US","@id":"https:\/\/lonnrotinkoulu.fi\/yritykset\/daughter-of-the-north\/#primaryimage","url":"https:\/\/lonnrotinkoulu.fi\/wp-content\/uploads\/2025\/12\/Daughter_of_the_North_mallikuva-683x1024.webp","contentUrl":"https:\/\/lonnrotinkoulu.fi\/wp-content\/uploads\/2025\/12\/Daughter_of_the_North_mallikuva-683x1024.webp"},{"@type":"BreadcrumbList","@id":"https:\/\/lonnrotinkoulu.fi\/yritykset\/daughter-of-the-north\/#breadcrumb","itemListElement":[{"@type":"ListItem","position":1,"name":"Etusivu","item":"https:\/\/lonnrotinkoulu.fi\/"},{"@type":"ListItem","position":2,"name":"Yritykset","item":"https:\/\/lonnrotinkoulu.fi\/yritykset\/"},{"@type":"ListItem","position":3,"name":"Daughter of the North"}]},{"@type":"WebSite","@id":"https:\/\/lonnrotinkoulu.fi\/#website","url":"https:\/\/lonnrotinkoulu.fi\/","name":"L\u00f6nnrotin Koulu Kajaani","description":"Historiallinen yrityskiinteist&ouml; Kajaanissa","publisher":{"@id":"https:\/\/lonnrotinkoulu.fi\/#organization"},"potentialAction":[{"@type":"SearchAction","target":{"@type":"EntryPoint","urlTemplate":"https:\/\/lonnrotinkoulu.fi\/?s={search_term_string}"},"query-input":{"@type":"PropertyValueSpecification","valueRequired":true,"valueName":"search_term_string"}}],"inLanguage":"en-US"},{"@type":"Organization","@id":"https:\/\/lonnrotinkoulu.fi\/#organization","name":"Kiinteist\u00f6 Oy L\u00f6nnrotin Koulu","url":"https:\/\/lonnrotinkoulu.fi\/","logo":{"@type":"ImageObject","inLanguage":"en-US","@id":"https:\/\/lonnrotinkoulu.fi\/#\/schema\/logo\/image\/","url":"https:\/\/lonnrotinkoulu.fi\/wp-content\/uploads\/2025\/11\/logotumma.png","contentUrl":"https:\/\/lonnrotinkoulu.fi\/wp-content\/uploads\/2025\/11\/logotumma.png","width":645,"height":440,"caption":"Kiinteist\u00f6 Oy L\u00f6nnrotin Koulu"},"image":{"@id":"https:\/\/lonnrotinkoulu.fi\/#\/schema\/logo\/image\/"}}]}},"_links":{"self":[{"href":"https:\/\/lonnrotinkoulu.fi\/en\/wp-json\/wp\/v2\/pages\/131","targetHints":{"allow":["GET"]}}],"collection":[{"href":"https:\/\/lonnrotinkoulu.fi\/en\/wp-json\/wp\/v2\/pages"}],"about":[{"href":"https:\/\/lonnrotinkoulu.fi\/en\/wp-json\/wp\/v2\/types\/page"}],"author":[{"embeddable":true,"href":"https:\/\/lonnrotinkoulu.fi\/en\/wp-json\/wp\/v2\/users\/1"}],"replies":[{"embeddable":true,"href":"https:\/\/lonnrotinkoulu.fi\/en\/wp-json\/wp\/v2\/comments?post=131"}],"version-history":[{"count":37,"href":"https:\/\/lonnrotinkoulu.fi\/en\/wp-json\/wp\/v2\/pages\/131\/revisions"}],"predecessor-version":[{"id":642,"href":"https:\/\/lonnrotinkoulu.fi\/en\/wp-json\/wp\/v2\/pages\/131\/revisions\/642"}],"up":[{"embeddable":true,"href":"https:\/\/lonnrotinkoulu.fi\/en\/wp-json\/wp\/v2\/pages\/2"}],"wp:attachment":[{"href":"https:\/\/lonnrotinkoulu.fi\/en\/wp-json\/wp\/v2\/media?parent=131"}],"curies":[{"name":"wp","href":"https:\/\/api.w.org\/{rel}","templated":true}]}}