{"id":251,"date":"2025-12-08T16:09:55","date_gmt":"2025-12-08T16:09:55","guid":{"rendered":"https:\/\/lonnrotinkoulu.fi\/?page_id=251"},"modified":"2025-12-13T14:06:29","modified_gmt":"2025-12-13T14:06:29","slug":"katri-tupiini","status":"publish","type":"page","link":"https:\/\/lonnrotinkoulu.fi\/en\/yritykset\/katri-tupiini\/","title":{"rendered":"Katri Tupiini"},"content":{"rendered":"<div class=\"wp-block-media-text alignwide is-stacked-on-mobile\"><figure class=\"wp-block-media-text__media\"><img loading=\"lazy\" decoding=\"async\" width=\"1024\" height=\"768\" src=\"https:\/\/lonnrotinkoulu.fi\/wp-content\/uploads\/2025\/12\/Katri_Tupini-1024x768.webp\" alt=\"Kuvataitelija ja Magia Naturali yrityksen omistaja Katri Tupini poseeraa taideteostensa ymp\u00e4r\u00f6im\u00e4n\u00e4.\" class=\"wp-image-247 size-full\" srcset=\"https:\/\/lonnrotinkoulu.fi\/wp-content\/uploads\/2025\/12\/Katri_Tupini-1024x768.webp 1024w, https:\/\/lonnrotinkoulu.fi\/wp-content\/uploads\/2025\/12\/Katri_Tupini-300x225.webp 300w, https:\/\/lonnrotinkoulu.fi\/wp-content\/uploads\/2025\/12\/Katri_Tupini-768x576.webp 768w, https:\/\/lonnrotinkoulu.fi\/wp-content\/uploads\/2025\/12\/Katri_Tupini-16x12.webp 16w, https:\/\/lonnrotinkoulu.fi\/wp-content\/uploads\/2025\/12\/Katri_Tupini.webp 1400w\" sizes=\"auto, (max-width: 1024px) 100vw, 1024px\" \/><\/figure><div class=\"wp-block-media-text__content\">\n<h2 class=\"wp-block-heading\">Katri Tupiini<\/h2>\n\n\n\n<p>Katri Tupiini combines creativity and a closeness to nature. She is a visual artist and the owner of the company Magia Natural. Katri creates commissioned visual art pieces. <\/p>\n\n\n\n<p>As a natural resource producer and natural products advisor, Katri draws her inspiration from nature\u2014she gathers and processes natural raw materials and guides others in their responsible use. Her work centers on craftsmanship, nature and individual artistic expression.<\/p>\n\n\n\n<div style=\"height:53px\" aria-hidden=\"true\" class=\"wp-block-spacer\"><\/div>\n\n\n\n<div class=\"wp-block-group is-nowrap is-layout-flex wp-container-core-group-is-layout-6c531013 wp-block-group-is-layout-flex\">\n<div class=\"wp-block-buttons is-layout-flex wp-block-buttons-is-layout-flex\">\n<div class=\"wp-block-button\"><a class=\"wp-block-button__link wp-element-button\" href=\"https:\/\/www.magianaturali.fi\/\">Website<\/a><\/div>\n<\/div>\n\n\n\n<div style=\"height:100px;width:33px\" aria-hidden=\"true\" class=\"wp-block-spacer wp-container-content-67de619e\"><\/div>\n\n\n\n<ul class=\"wp-block-social-links is-layout-flex wp-block-social-links-is-layout-flex\"><li class=\"wp-social-link wp-social-link-instagram  wp-block-social-link\"><a href=\"https:\/\/www.instagram.com\/katritupiini_art\/\" class=\"wp-block-social-link-anchor\"><svg width=\"24\" height=\"24\" viewbox=\"0 0 24 24\" version=\"1.1\" xmlns=\"http:\/\/www.w3.org\/2000\/svg\" aria-hidden=\"true\" focusable=\"false\"><path d=\"M12,4.622c2.403,0,2.688,0.009,3.637,0.052c0.877,0.04,1.354,0.187,1.671,0.31c0.42,0.163,0.72,0.358,1.035,0.673 c0.315,0.315,0.51,0.615,0.673,1.035c0.123,0.317,0.27,0.794,0.31,1.671c0.043,0.949,0.052,1.234,0.052,3.637 s-0.009,2.688-0.052,3.637c-0.04,0.877-0.187,1.354-0.31,1.671c-0.163,0.42-0.358,0.72-0.673,1.035 c-0.315,0.315-0.615,0.51-1.035,0.673c-0.317,0.123-0.794,0.27-1.671,0.31c-0.949,0.043-1.233,0.052-3.637,0.052 s-2.688-0.009-3.637-0.052c-0.877-0.04-1.354-0.187-1.671-0.31c-0.42-0.163-0.72-0.358-1.035-0.673 c-0.315-0.315-0.51-0.615-0.673-1.035c-0.123-0.317-0.27-0.794-0.31-1.671C4.631,14.688,4.622,14.403,4.622,12 s0.009-2.688,0.052-3.637c0.04-0.877,0.187-1.354,0.31-1.671c0.163-0.42,0.358-0.72,0.673-1.035 c0.315-0.315,0.615-0.51,1.035-0.673c0.317-0.123,0.794-0.27,1.671-0.31C9.312,4.631,9.597,4.622,12,4.622 M12,3 C9.556,3,9.249,3.01,8.289,3.054C7.331,3.098,6.677,3.25,6.105,3.472C5.513,3.702,5.011,4.01,4.511,4.511 c-0.5,0.5-0.808,1.002-1.038,1.594C3.25,6.677,3.098,7.331,3.054,8.289C3.01,9.249,3,9.556,3,12c0,2.444,0.01,2.751,0.054,3.711 c0.044,0.958,0.196,1.612,0.418,2.185c0.23,0.592,0.538,1.094,1.038,1.594c0.5,0.5,1.002,0.808,1.594,1.038 c0.572,0.222,1.227,0.375,2.185,0.418C9.249,20.99,9.556,21,12,21s2.751-0.01,3.711-0.054c0.958-0.044,1.612-0.196,2.185-0.418 c0.592-0.23,1.094-0.538,1.594-1.038c0.5-0.5,0.808-1.002,1.038-1.594c0.222-0.572,0.375-1.227,0.418-2.185 C20.99,14.751,21,14.444,21,12s-0.01-2.751-0.054-3.711c-0.044-0.958-0.196-1.612-0.418-2.185c-0.23-0.592-0.538-1.094-1.038-1.594 c-0.5-0.5-1.002-0.808-1.594-1.038c-0.572-0.222-1.227-0.375-2.185-0.418C14.751,3.01,14.444,3,12,3L12,3z M12,7.378 c-2.552,0-4.622,2.069-4.622,4.622S9.448,16.622,12,16.622s4.622-2.069,4.622-4.622S14.552,7.378,12,7.378z M12,15 c-1.657,0-3-1.343-3-3s1.343-3,3-3s3,1.343,3,3S13.657,15,12,15z M16.804,6.116c-0.596,0-1.08,0.484-1.08,1.08 s0.484,1.08,1.08,1.08c0.596,0,1.08-0.484,1.08-1.08S17.401,6.116,16.804,6.116z\"><\/path><\/svg><span class=\"wp-block-social-link-label screen-reader-text\">Instagram<\/span><\/a><\/li><\/ul>\n\n\n\n<div style=\"height:100px;width:33px\" aria-hidden=\"true\" class=\"wp-block-spacer wp-container-content-67de619e\"><\/div>\n\n\n\n<ul class=\"wp-block-social-links is-layout-flex wp-block-social-links-is-layout-flex\"><li class=\"wp-social-link wp-social-link-instagram  wp-block-social-link\"><a href=\"https:\/\/www.instagram.com\/magianaturali\/\" class=\"wp-block-social-link-anchor\"><svg width=\"24\" height=\"24\" viewbox=\"0 0 24 24\" version=\"1.1\" xmlns=\"http:\/\/www.w3.org\/2000\/svg\" aria-hidden=\"true\" focusable=\"false\"><path d=\"M12,4.622c2.403,0,2.688,0.009,3.637,0.052c0.877,0.04,1.354,0.187,1.671,0.31c0.42,0.163,0.72,0.358,1.035,0.673 c0.315,0.315,0.51,0.615,0.673,1.035c0.123,0.317,0.27,0.794,0.31,1.671c0.043,0.949,0.052,1.234,0.052,3.637 s-0.009,2.688-0.052,3.637c-0.04,0.877-0.187,1.354-0.31,1.671c-0.163,0.42-0.358,0.72-0.673,1.035 c-0.315,0.315-0.615,0.51-1.035,0.673c-0.317,0.123-0.794,0.27-1.671,0.31c-0.949,0.043-1.233,0.052-3.637,0.052 s-2.688-0.009-3.637-0.052c-0.877-0.04-1.354-0.187-1.671-0.31c-0.42-0.163-0.72-0.358-1.035-0.673 c-0.315-0.315-0.51-0.615-0.673-1.035c-0.123-0.317-0.27-0.794-0.31-1.671C4.631,14.688,4.622,14.403,4.622,12 s0.009-2.688,0.052-3.637c0.04-0.877,0.187-1.354,0.31-1.671c0.163-0.42,0.358-0.72,0.673-1.035 c0.315-0.315,0.615-0.51,1.035-0.673c0.317-0.123,0.794-0.27,1.671-0.31C9.312,4.631,9.597,4.622,12,4.622 M12,3 C9.556,3,9.249,3.01,8.289,3.054C7.331,3.098,6.677,3.25,6.105,3.472C5.513,3.702,5.011,4.01,4.511,4.511 c-0.5,0.5-0.808,1.002-1.038,1.594C3.25,6.677,3.098,7.331,3.054,8.289C3.01,9.249,3,9.556,3,12c0,2.444,0.01,2.751,0.054,3.711 c0.044,0.958,0.196,1.612,0.418,2.185c0.23,0.592,0.538,1.094,1.038,1.594c0.5,0.5,1.002,0.808,1.594,1.038 c0.572,0.222,1.227,0.375,2.185,0.418C9.249,20.99,9.556,21,12,21s2.751-0.01,3.711-0.054c0.958-0.044,1.612-0.196,2.185-0.418 c0.592-0.23,1.094-0.538,1.594-1.038c0.5-0.5,0.808-1.002,1.038-1.594c0.222-0.572,0.375-1.227,0.418-2.185 C20.99,14.751,21,14.444,21,12s-0.01-2.751-0.054-3.711c-0.044-0.958-0.196-1.612-0.418-2.185c-0.23-0.592-0.538-1.094-1.038-1.594 c-0.5-0.5-1.002-0.808-1.594-1.038c-0.572-0.222-1.227-0.375-2.185-0.418C14.751,3.01,14.444,3,12,3L12,3z M12,7.378 c-2.552,0-4.622,2.069-4.622,4.622S9.448,16.622,12,16.622s4.622-2.069,4.622-4.622S14.552,7.378,12,7.378z M12,15 c-1.657,0-3-1.343-3-3s1.343-3,3-3s3,1.343,3,3S13.657,15,12,15z M16.804,6.116c-0.596,0-1.08,0.484-1.08,1.08 s0.484,1.08,1.08,1.08c0.596,0,1.08-0.484,1.08-1.08S17.401,6.116,16.804,6.116z\"><\/path><\/svg><span class=\"wp-block-social-link-label screen-reader-text\">Instagram<\/span><\/a><\/li><\/ul>\n<\/div>\n<\/div><\/div>\n\n\n\n<div style=\"height:100px\" aria-hidden=\"true\" class=\"wp-block-spacer\"><\/div>","protected":false},"excerpt":{"rendered":"","protected":false},"author":1,"featured_media":0,"parent":2,"menu_order":0,"comment_status":"closed","ping_status":"closed","template":"","meta":{"footnotes":""},"class_list":["post-251","page","type-page","status-publish","hentry"],"yoast_head":"<!-- This site is optimized with the Yoast SEO plugin v27.5 - https:\/\/yoast.com\/product\/yoast-seo-wordpress\/ -->\n<title>Katri Tupiini - L&Ouml;NNROTIN KOULU<\/title>\n<meta name=\"description\" content=\"Katri Tupiini on kuvataiteilija ja luonnontuoteneuvoja, joka tekee tilaust\u00f6it\u00e4 ja ammentaa inspiraationsa luonnosta.\" \/>\n<meta name=\"robots\" content=\"index, follow, max-snippet:-1, max-image-preview:large, max-video-preview:-1\" \/>\n<link rel=\"canonical\" href=\"https:\/\/lonnrotinkoulu.fi\/en\/yritykset\/katri-tupiini\/\" \/>\n<meta property=\"og:locale\" content=\"en_US\" \/>\n<meta property=\"og:type\" content=\"article\" \/>\n<meta property=\"og:title\" content=\"Katri Tupiini - L&Ouml;NNROTIN KOULU\" \/>\n<meta property=\"og:description\" content=\"Katri Tupiini on kuvataiteilija ja luonnontuoteneuvoja, joka tekee tilaust\u00f6it\u00e4 ja ammentaa inspiraationsa luonnosta.\" \/>\n<meta property=\"og:url\" content=\"https:\/\/lonnrotinkoulu.fi\/en\/yritykset\/katri-tupiini\/\" \/>\n<meta property=\"og:site_name\" content=\"L&Ouml;NNROTIN KOULU\" \/>\n<meta property=\"article:modified_time\" content=\"2025-12-13T14:06:29+00:00\" \/>\n<meta property=\"og:image\" content=\"https:\/\/lonnrotinkoulu.fi\/wp-content\/uploads\/2025\/12\/Katri_Tupini.webp\" \/>\n\t<meta property=\"og:image:width\" content=\"1400\" \/>\n\t<meta property=\"og:image:height\" content=\"1050\" \/>\n\t<meta property=\"og:image:type\" content=\"image\/webp\" \/>\n<meta name=\"twitter:card\" content=\"summary_large_image\" \/>\n<meta name=\"twitter:label1\" content=\"Est. reading time\" \/>\n\t<meta name=\"twitter:data1\" content=\"1 minute\" \/>\n<script type=\"application\/ld+json\" class=\"yoast-schema-graph\">{\"@context\":\"https:\\\/\\\/schema.org\",\"@graph\":[{\"@type\":\"WebPage\",\"@id\":\"https:\\\/\\\/lonnrotinkoulu.fi\\\/yritykset\\\/katri-tupiini\\\/\",\"url\":\"https:\\\/\\\/lonnrotinkoulu.fi\\\/yritykset\\\/katri-tupiini\\\/\",\"name\":\"Katri Tupiini - L&Ouml;NNROTIN KOULU\",\"isPartOf\":{\"@id\":\"https:\\\/\\\/lonnrotinkoulu.fi\\\/#website\"},\"primaryImageOfPage\":{\"@id\":\"https:\\\/\\\/lonnrotinkoulu.fi\\\/yritykset\\\/katri-tupiini\\\/#primaryimage\"},\"image\":{\"@id\":\"https:\\\/\\\/lonnrotinkoulu.fi\\\/yritykset\\\/katri-tupiini\\\/#primaryimage\"},\"thumbnailUrl\":\"https:\\\/\\\/lonnrotinkoulu.fi\\\/wp-content\\\/uploads\\\/2025\\\/12\\\/Katri_Tupini-1024x768.webp\",\"datePublished\":\"2025-12-08T16:09:55+00:00\",\"dateModified\":\"2025-12-13T14:06:29+00:00\",\"description\":\"Katri Tupiini on kuvataiteilija ja luonnontuoteneuvoja, joka tekee tilaust\u00f6it\u00e4 ja ammentaa inspiraationsa luonnosta.\",\"breadcrumb\":{\"@id\":\"https:\\\/\\\/lonnrotinkoulu.fi\\\/yritykset\\\/katri-tupiini\\\/#breadcrumb\"},\"inLanguage\":\"en-US\",\"potentialAction\":[{\"@type\":\"ReadAction\",\"target\":[\"https:\\\/\\\/lonnrotinkoulu.fi\\\/yritykset\\\/katri-tupiini\\\/\"]}]},{\"@type\":\"ImageObject\",\"inLanguage\":\"en-US\",\"@id\":\"https:\\\/\\\/lonnrotinkoulu.fi\\\/yritykset\\\/katri-tupiini\\\/#primaryimage\",\"url\":\"https:\\\/\\\/lonnrotinkoulu.fi\\\/wp-content\\\/uploads\\\/2025\\\/12\\\/Katri_Tupini-1024x768.webp\",\"contentUrl\":\"https:\\\/\\\/lonnrotinkoulu.fi\\\/wp-content\\\/uploads\\\/2025\\\/12\\\/Katri_Tupini-1024x768.webp\"},{\"@type\":\"BreadcrumbList\",\"@id\":\"https:\\\/\\\/lonnrotinkoulu.fi\\\/yritykset\\\/katri-tupiini\\\/#breadcrumb\",\"itemListElement\":[{\"@type\":\"ListItem\",\"position\":1,\"name\":\"Etusivu\",\"item\":\"https:\\\/\\\/lonnrotinkoulu.fi\\\/\"},{\"@type\":\"ListItem\",\"position\":2,\"name\":\"Yritykset\",\"item\":\"https:\\\/\\\/lonnrotinkoulu.fi\\\/yritykset\\\/\"},{\"@type\":\"ListItem\",\"position\":3,\"name\":\"Katri Tupiini\"}]},{\"@type\":\"WebSite\",\"@id\":\"https:\\\/\\\/lonnrotinkoulu.fi\\\/#website\",\"url\":\"https:\\\/\\\/lonnrotinkoulu.fi\\\/\",\"name\":\"L\u00f6nnrotin Koulu Kajaani\",\"description\":\"Historiallinen yrityskiinteist&ouml; Kajaanissa\",\"publisher\":{\"@id\":\"https:\\\/\\\/lonnrotinkoulu.fi\\\/#organization\"},\"potentialAction\":[{\"@type\":\"SearchAction\",\"target\":{\"@type\":\"EntryPoint\",\"urlTemplate\":\"https:\\\/\\\/lonnrotinkoulu.fi\\\/?s={search_term_string}\"},\"query-input\":{\"@type\":\"PropertyValueSpecification\",\"valueRequired\":true,\"valueName\":\"search_term_string\"}}],\"inLanguage\":\"en-US\"},{\"@type\":\"Organization\",\"@id\":\"https:\\\/\\\/lonnrotinkoulu.fi\\\/#organization\",\"name\":\"Kiinteist\u00f6 Oy L\u00f6nnrotin Koulu\",\"url\":\"https:\\\/\\\/lonnrotinkoulu.fi\\\/\",\"logo\":{\"@type\":\"ImageObject\",\"inLanguage\":\"en-US\",\"@id\":\"https:\\\/\\\/lonnrotinkoulu.fi\\\/#\\\/schema\\\/logo\\\/image\\\/\",\"url\":\"https:\\\/\\\/lonnrotinkoulu.fi\\\/wp-content\\\/uploads\\\/2025\\\/11\\\/logotumma.png\",\"contentUrl\":\"https:\\\/\\\/lonnrotinkoulu.fi\\\/wp-content\\\/uploads\\\/2025\\\/11\\\/logotumma.png\",\"width\":645,\"height\":440,\"caption\":\"Kiinteist\u00f6 Oy L\u00f6nnrotin Koulu\"},\"image\":{\"@id\":\"https:\\\/\\\/lonnrotinkoulu.fi\\\/#\\\/schema\\\/logo\\\/image\\\/\"}}]}<\/script>\n<!-- \/ Yoast SEO plugin. -->","yoast_head_json":{"title":"Katri Tupiini - L&Ouml;NNROTIN KOULU","description":"Katri Tupiini on kuvataiteilija ja luonnontuoteneuvoja, joka tekee tilaust\u00f6it\u00e4 ja ammentaa inspiraationsa luonnosta.","robots":{"index":"index","follow":"follow","max-snippet":"max-snippet:-1","max-image-preview":"max-image-preview:large","max-video-preview":"max-video-preview:-1"},"canonical":"https:\/\/lonnrotinkoulu.fi\/en\/yritykset\/katri-tupiini\/","og_locale":"en_US","og_type":"article","og_title":"Katri Tupiini - L&Ouml;NNROTIN KOULU","og_description":"Katri Tupiini on kuvataiteilija ja luonnontuoteneuvoja, joka tekee tilaust\u00f6it\u00e4 ja ammentaa inspiraationsa luonnosta.","og_url":"https:\/\/lonnrotinkoulu.fi\/en\/yritykset\/katri-tupiini\/","og_site_name":"L&Ouml;NNROTIN KOULU","article_modified_time":"2025-12-13T14:06:29+00:00","og_image":[{"width":1400,"height":1050,"url":"https:\/\/lonnrotinkoulu.fi\/wp-content\/uploads\/2025\/12\/Katri_Tupini.webp","type":"image\/webp"}],"twitter_card":"summary_large_image","twitter_misc":{"Est. reading time":"1 minute"},"schema":{"@context":"https:\/\/schema.org","@graph":[{"@type":"WebPage","@id":"https:\/\/lonnrotinkoulu.fi\/yritykset\/katri-tupiini\/","url":"https:\/\/lonnrotinkoulu.fi\/yritykset\/katri-tupiini\/","name":"Katri Tupiini - L&Ouml;NNROTIN KOULU","isPartOf":{"@id":"https:\/\/lonnrotinkoulu.fi\/#website"},"primaryImageOfPage":{"@id":"https:\/\/lonnrotinkoulu.fi\/yritykset\/katri-tupiini\/#primaryimage"},"image":{"@id":"https:\/\/lonnrotinkoulu.fi\/yritykset\/katri-tupiini\/#primaryimage"},"thumbnailUrl":"https:\/\/lonnrotinkoulu.fi\/wp-content\/uploads\/2025\/12\/Katri_Tupini-1024x768.webp","datePublished":"2025-12-08T16:09:55+00:00","dateModified":"2025-12-13T14:06:29+00:00","description":"Katri Tupiini on kuvataiteilija ja luonnontuoteneuvoja, joka tekee tilaust\u00f6it\u00e4 ja ammentaa inspiraationsa luonnosta.","breadcrumb":{"@id":"https:\/\/lonnrotinkoulu.fi\/yritykset\/katri-tupiini\/#breadcrumb"},"inLanguage":"en-US","potentialAction":[{"@type":"ReadAction","target":["https:\/\/lonnrotinkoulu.fi\/yritykset\/katri-tupiini\/"]}]},{"@type":"ImageObject","inLanguage":"en-US","@id":"https:\/\/lonnrotinkoulu.fi\/yritykset\/katri-tupiini\/#primaryimage","url":"https:\/\/lonnrotinkoulu.fi\/wp-content\/uploads\/2025\/12\/Katri_Tupini-1024x768.webp","contentUrl":"https:\/\/lonnrotinkoulu.fi\/wp-content\/uploads\/2025\/12\/Katri_Tupini-1024x768.webp"},{"@type":"BreadcrumbList","@id":"https:\/\/lonnrotinkoulu.fi\/yritykset\/katri-tupiini\/#breadcrumb","itemListElement":[{"@type":"ListItem","position":1,"name":"Etusivu","item":"https:\/\/lonnrotinkoulu.fi\/"},{"@type":"ListItem","position":2,"name":"Yritykset","item":"https:\/\/lonnrotinkoulu.fi\/yritykset\/"},{"@type":"ListItem","position":3,"name":"Katri Tupiini"}]},{"@type":"WebSite","@id":"https:\/\/lonnrotinkoulu.fi\/#website","url":"https:\/\/lonnrotinkoulu.fi\/","name":"L\u00f6nnrotin Koulu Kajaani","description":"Historiallinen yrityskiinteist&ouml; Kajaanissa","publisher":{"@id":"https:\/\/lonnrotinkoulu.fi\/#organization"},"potentialAction":[{"@type":"SearchAction","target":{"@type":"EntryPoint","urlTemplate":"https:\/\/lonnrotinkoulu.fi\/?s={search_term_string}"},"query-input":{"@type":"PropertyValueSpecification","valueRequired":true,"valueName":"search_term_string"}}],"inLanguage":"en-US"},{"@type":"Organization","@id":"https:\/\/lonnrotinkoulu.fi\/#organization","name":"Kiinteist\u00f6 Oy L\u00f6nnrotin Koulu","url":"https:\/\/lonnrotinkoulu.fi\/","logo":{"@type":"ImageObject","inLanguage":"en-US","@id":"https:\/\/lonnrotinkoulu.fi\/#\/schema\/logo\/image\/","url":"https:\/\/lonnrotinkoulu.fi\/wp-content\/uploads\/2025\/11\/logotumma.png","contentUrl":"https:\/\/lonnrotinkoulu.fi\/wp-content\/uploads\/2025\/11\/logotumma.png","width":645,"height":440,"caption":"Kiinteist\u00f6 Oy L\u00f6nnrotin Koulu"},"image":{"@id":"https:\/\/lonnrotinkoulu.fi\/#\/schema\/logo\/image\/"}}]}},"_links":{"self":[{"href":"https:\/\/lonnrotinkoulu.fi\/en\/wp-json\/wp\/v2\/pages\/251","targetHints":{"allow":["GET"]}}],"collection":[{"href":"https:\/\/lonnrotinkoulu.fi\/en\/wp-json\/wp\/v2\/pages"}],"about":[{"href":"https:\/\/lonnrotinkoulu.fi\/en\/wp-json\/wp\/v2\/types\/page"}],"author":[{"embeddable":true,"href":"https:\/\/lonnrotinkoulu.fi\/en\/wp-json\/wp\/v2\/users\/1"}],"replies":[{"embeddable":true,"href":"https:\/\/lonnrotinkoulu.fi\/en\/wp-json\/wp\/v2\/comments?post=251"}],"version-history":[{"count":6,"href":"https:\/\/lonnrotinkoulu.fi\/en\/wp-json\/wp\/v2\/pages\/251\/revisions"}],"predecessor-version":[{"id":632,"href":"https:\/\/lonnrotinkoulu.fi\/en\/wp-json\/wp\/v2\/pages\/251\/revisions\/632"}],"up":[{"embeddable":true,"href":"https:\/\/lonnrotinkoulu.fi\/en\/wp-json\/wp\/v2\/pages\/2"}],"wp:attachment":[{"href":"https:\/\/lonnrotinkoulu.fi\/en\/wp-json\/wp\/v2\/media?parent=251"}],"curies":[{"name":"wp","href":"https:\/\/api.w.org\/{rel}","templated":true}]}}