{"id":31,"date":"2025-11-27T15:54:23","date_gmt":"2025-11-27T15:54:23","guid":{"rendered":"https:\/\/lonnrotinkoulu.fi\/?page_id=31"},"modified":"2025-12-16T07:10:26","modified_gmt":"2025-12-16T07:10:26","slug":"etusivu","status":"publish","type":"page","link":"https:\/\/lonnrotinkoulu.fi\/en\/","title":{"rendered":"Frontpage"},"content":{"rendered":"<div class=\"wp-block-group alignfull is-layout-flow wp-block-group-is-layout-flow\" style=\"padding-top:var(--wp--preset--spacing--50);padding-right:var(--wp--preset--spacing--50);padding-bottom:var(--wp--preset--spacing--50);padding-left:var(--wp--preset--spacing--50)\">\n<div class=\"wp-block-group is-layout-flow wp-container-core-group-is-layout-d6743c7d wp-block-group-is-layout-flow\">\n<h1 class=\"wp-block-heading has-text-align-center has-x-large-font-size\">L\u00f6nnrot School in Kajaani<\/h1>\n\n\n\n<div style=\"height:33px\" aria-hidden=\"true\" class=\"wp-block-spacer\"><\/div>\n\n\n\n<h2 class=\"wp-block-heading has-text-align-center\">A meeting place for creativity, well-being and entrepreneurship<\/h2>\n<\/div>\n<\/div>\n\n\n\n<div class=\"wp-block-group alignfull is-layout-flow wp-block-group-is-layout-flow\">\n<figure class=\"wp-block-image alignwide size-full is-style-default\"><img loading=\"lazy\" decoding=\"async\" width=\"1594\" height=\"1075\" src=\"https:\/\/lonnrotinkoulu.fi\/wp-content\/uploads\/2025\/12\/Lonnrotin_koulu.webp\" alt=\"Julkisivukuva historiallisesta L\u00f6nnrotin koulurakennuksesta - nykyisest\u00e4 yrityskeskittym\u00e4st\u00e4.\" class=\"wp-image-144\" srcset=\"https:\/\/lonnrotinkoulu.fi\/wp-content\/uploads\/2025\/12\/Lonnrotin_koulu.webp 1594w, https:\/\/lonnrotinkoulu.fi\/wp-content\/uploads\/2025\/12\/Lonnrotin_koulu-300x202.webp 300w, https:\/\/lonnrotinkoulu.fi\/wp-content\/uploads\/2025\/12\/Lonnrotin_koulu-1024x691.webp 1024w, https:\/\/lonnrotinkoulu.fi\/wp-content\/uploads\/2025\/12\/Lonnrotin_koulu-768x518.webp 768w, https:\/\/lonnrotinkoulu.fi\/wp-content\/uploads\/2025\/12\/Lonnrotin_koulu-1536x1036.webp 1536w\" sizes=\"auto, (max-width: 1594px) 100vw, 1594px\" \/><\/figure>\n<\/div>\n\n\n\n<div class=\"wp-block-group alignfull is-layout-flow wp-block-group-is-layout-flow\" style=\"padding-top:var(--wp--preset--spacing--50);padding-right:var(--wp--preset--spacing--50);padding-bottom:var(--wp--preset--spacing--50);padding-left:var(--wp--preset--spacing--50)\">\n<div class=\"wp-block-group has-global-padding is-layout-constrained wp-container-core-group-is-layout-650790e1 wp-block-group-is-layout-constrained\">\n<p class=\"has-text-align-left\">The old L\u00f6nnrot School was once one of the most important cornerstones of education in Kajaani and a fine example of the Finnish architectural tradition. Today, this historic building has been given new life \u2014 carefully restored and transformed into a modern hub for entrepreneurship.<br><\/p>\n\n\n\n<div style=\"height:25px\" aria-hidden=\"true\" class=\"wp-block-spacer\"><\/div>\n\n\n\n<p>The entrepreneurs working in the building share a longstanding appreciation for the old school. Many of them have dreamed for years of having the opportunity to work within these atmospheric spaces. Today, that dream is a reality.<br><\/p>\n\n\n\n<div style=\"height:25px\" aria-hidden=\"true\" class=\"wp-block-spacer\"><\/div>\n\n\n\n<p class=\"has-text-align-left\">At L\u00f6nnrot School, history and modern innovation go hand in hand, creating an environment where businesses can grow and succeed while the story of the building continues and its heritage is preserved.<\/p>\n\n\n\n<div style=\"height:30px\" aria-hidden=\"true\" class=\"wp-block-spacer\"><\/div>\n\n\n\n<p>In Kainuu, the 2025 Viisikanta Architectural Heritage Award was granted to Kiinteist\u00f6 Oy L\u00f6nnrotin koulu for the restoration of the building that respects the traditions of the old L\u00f6nnrot School, for the change of use of the building and for the preservation of the built environment and townscape in a tradition-respecting manner.<\/p>\n\n\n\n<p>The award is on display in the lobby areas.<\/p>\n<\/div>\n<\/div>\n\n\n\n<div class=\"wp-block-group alignfull has-accent-5-background-color has-background has-global-padding is-layout-constrained wp-container-core-group-is-layout-d89aad35 wp-block-group-is-layout-constrained\" style=\"margin-top:0;margin-bottom:0;padding-top:var(--wp--preset--spacing--50);padding-right:var(--wp--preset--spacing--50);padding-bottom:var(--wp--preset--spacing--50);padding-left:var(--wp--preset--spacing--50)\">\n<div class=\"wp-block-columns alignwide is-layout-flex wp-container-core-columns-is-layout-1da03c2a wp-block-columns-is-layout-flex\">\n<div class=\"wp-block-column is-vertically-aligned-center is-layout-flow wp-block-column-is-layout-flow\" style=\"flex-basis:60%\">\n<figure class=\"wp-block-image size-full is-style-rounded wp-duotone-duotone-1 is-style-rounded--1\"><img loading=\"lazy\" decoding=\"async\" width=\"1920\" height=\"585\" src=\"https:\/\/lonnrotinkoulu.fi\/wp-content\/uploads\/2025\/11\/thumbnail_K400-35.jpg\" alt=\"Mustavalkoinen ilmakuva Kajaanissa, jossa n\u00e4kyy muun muassa L\u00f6nnrotin Koulu.\" class=\"wp-image-19\" style=\"object-fit:cover\" srcset=\"https:\/\/lonnrotinkoulu.fi\/wp-content\/uploads\/2025\/11\/thumbnail_K400-35.jpg 1920w, https:\/\/lonnrotinkoulu.fi\/wp-content\/uploads\/2025\/11\/thumbnail_K400-35-300x91.jpg 300w, https:\/\/lonnrotinkoulu.fi\/wp-content\/uploads\/2025\/11\/thumbnail_K400-35-1024x312.jpg 1024w, https:\/\/lonnrotinkoulu.fi\/wp-content\/uploads\/2025\/11\/thumbnail_K400-35-768x234.jpg 768w, https:\/\/lonnrotinkoulu.fi\/wp-content\/uploads\/2025\/11\/thumbnail_K400-35-1536x468.jpg 1536w\" sizes=\"auto, (max-width: 1920px) 100vw, 1920px\" \/><\/figure>\n<\/div>\n\n\n\n<div class=\"wp-block-column is-layout-flow wp-block-column-is-layout-flow\" style=\"flex-basis:40%\">\n<h2 class=\"wp-block-heading\">The building\u2019s businesses<\/h2>\n\n\n\n<p>Explore the businesses and services operating in the building.<\/p>\n\n\n\n<div class=\"wp-block-buttons is-layout-flex wp-block-buttons-is-layout-flex\">\n<div class=\"wp-block-button\"><a class=\"wp-block-button__link wp-element-button\" href=\"https:\/\/lonnrotinkoulu.fi\/en\/yritykset\/\">Read more<\/a><\/div>\n<\/div>\n<\/div>\n<\/div>\n<\/div>\n\n\n\n<div class=\"wp-block-group alignfull has-base-color has-contrast-background-color has-text-color has-background has-global-padding is-layout-constrained wp-container-core-group-is-layout-ef3d885c wp-block-group-is-layout-constrained\" style=\"margin-top:0;margin-bottom:0;padding-top:var(--wp--preset--spacing--60);padding-right:var(--wp--preset--spacing--60);padding-bottom:var(--wp--preset--spacing--60);padding-left:var(--wp--preset--spacing--60)\">\n<div class=\"wp-block-group has-global-padding is-layout-constrained wp-block-group-is-layout-constrained\">\n<p class=\"has-text-align-left has-base-color has-text-color has-heading-font-family has-x-large-font-size\" style=\"line-height:1.2\"><em>A preserved piece of Finnish history \u2013 now home to modern entrepreneurship.<\/em><\/p>\n<\/div>\n<\/div>\n\n\n\n<div class=\"wp-block-group alignfull has-accent-5-background-color has-background has-global-padding is-layout-constrained wp-container-core-group-is-layout-d89aad35 wp-block-group-is-layout-constrained\" style=\"margin-top:0;margin-bottom:0;padding-top:var(--wp--preset--spacing--50);padding-right:var(--wp--preset--spacing--50);padding-bottom:var(--wp--preset--spacing--50);padding-left:var(--wp--preset--spacing--50)\">\n<div class=\"wp-block-columns alignwide is-layout-flex wp-container-core-columns-is-layout-1da03c2a wp-block-columns-is-layout-flex\">\n<div class=\"wp-block-column is-vertically-aligned-top is-layout-flow wp-block-column-is-layout-flow\" style=\"flex-basis:40%\">\n<h2 class=\"wp-block-heading\">A building full of history<\/h2>\n\n\n\n<p>L\u00f6nnrot School carries decades of stories and a unique atmosphere.<\/p>\n\n\n\n<div class=\"wp-block-buttons is-layout-flex wp-block-buttons-is-layout-flex\">\n<div class=\"wp-block-button\"><a class=\"wp-block-button__link wp-element-button\" href=\"https:\/\/lonnrotinkoulu.fi\/en\/historia\/\">Read more<\/a><\/div>\n<\/div>\n<\/div>\n\n\n\n<div class=\"wp-block-column is-vertically-aligned-center is-layout-flow wp-block-column-is-layout-flow\" style=\"flex-basis:60%\">\n<figure class=\"wp-block-image size-full is-resized is-style-rounded wp-duotone-duotone-1 is-style-rounded--2\"><img loading=\"lazy\" decoding=\"async\" width=\"2560\" height=\"1630\" src=\"https:\/\/lonnrotinkoulu.fi\/wp-content\/uploads\/2025\/11\/vanhakuva_ulko_aita-scaled.jpg\" alt=\"\" class=\"wp-image-36\" style=\"aspect-ratio:1.3333333333333333;object-fit:cover;width:505px;height:auto\" srcset=\"https:\/\/lonnrotinkoulu.fi\/wp-content\/uploads\/2025\/11\/vanhakuva_ulko_aita-scaled.jpg 2560w, https:\/\/lonnrotinkoulu.fi\/wp-content\/uploads\/2025\/11\/vanhakuva_ulko_aita-300x191.jpg 300w, https:\/\/lonnrotinkoulu.fi\/wp-content\/uploads\/2025\/11\/vanhakuva_ulko_aita-1024x652.jpg 1024w, https:\/\/lonnrotinkoulu.fi\/wp-content\/uploads\/2025\/11\/vanhakuva_ulko_aita-768x489.jpg 768w, https:\/\/lonnrotinkoulu.fi\/wp-content\/uploads\/2025\/11\/vanhakuva_ulko_aita-1536x978.jpg 1536w, https:\/\/lonnrotinkoulu.fi\/wp-content\/uploads\/2025\/11\/vanhakuva_ulko_aita-2048x1304.jpg 2048w\" sizes=\"auto, (max-width: 2560px) 100vw, 2560px\" \/><\/figure>\n<\/div>\n<\/div>\n<\/div>\n\n\n\n<div style=\"height:100px\" aria-hidden=\"true\" class=\"wp-block-spacer\"><\/div>","protected":false},"excerpt":{"rendered":"<p>Vanha L\u00f6nnrotin Koulu Kajaanissa Luovuuden, hyvinvoinnin ja yritt\u00e4jyyden kohtaamispaikka Vanha L\u00f6nnrotin Koulu on ollut aikanaan yksi Kajaanin koulutuksen t\u00e4rkeimmist\u00e4 kivijaloista ja hieno esimerkki suomalaisesta arkkitehtuuriperinteest\u00e4. Nyt t\u00e4m\u00e4 historiallinen rakennus on her\u00e4nnyt uuteen eloon \u2013 huolellisesti kunnostettuna ja moderniksi yritt\u00e4jyyden keskukseksi muuntautuneena. Rakennuksessa ty\u00f6skentelevi\u00e4 yritt\u00e4ji\u00e4 yhdist\u00e4\u00e4 pitk\u00e4aikainen arvostus vanhaa koulua kohtaan. Moni heist\u00e4 on jo vuosien [&hellip;]<\/p>\n","protected":false},"author":1,"featured_media":0,"parent":0,"menu_order":0,"comment_status":"closed","ping_status":"closed","template":"","meta":{"footnotes":""},"class_list":["post-31","page","type-page","status-publish","hentry"],"yoast_head":"<!-- This site is optimized with the Yoast SEO plugin v27.5 - https:\/\/yoast.com\/product\/yoast-seo-wordpress\/ -->\n<title>Etusivu - L&Ouml;NNROTIN KOULU<\/title>\n<meta name=\"description\" content=\"L\u00f6nnrotin Koulu Kajaanissa tarjoaa tilat useille yritt\u00e4jille ja palveluille. Lue rakennuksen historiasta ja nykyisist\u00e4 toimijoista.\" \/>\n<meta name=\"robots\" content=\"index, follow, max-snippet:-1, max-image-preview:large, max-video-preview:-1\" \/>\n<link rel=\"canonical\" href=\"https:\/\/lonnrotinkoulu.fi\/en\/\" \/>\n<meta property=\"og:locale\" content=\"en_US\" \/>\n<meta property=\"og:type\" content=\"article\" \/>\n<meta property=\"og:title\" content=\"Etusivu - L&Ouml;NNROTIN KOULU\" \/>\n<meta property=\"og:description\" content=\"L\u00f6nnrotin Koulu Kajaanissa tarjoaa tilat useille yritt\u00e4jille ja palveluille. Lue rakennuksen historiasta ja nykyisist\u00e4 toimijoista.\" \/>\n<meta property=\"og:url\" content=\"https:\/\/lonnrotinkoulu.fi\/en\/\" \/>\n<meta property=\"og:site_name\" content=\"L&Ouml;NNROTIN KOULU\" \/>\n<meta property=\"article:modified_time\" content=\"2025-12-16T07:10:26+00:00\" \/>\n<meta property=\"og:image\" content=\"https:\/\/lonnrotinkoulu.fi\/wp-content\/uploads\/2025\/12\/Lonnrotin_koulu.webp\" \/>\n\t<meta property=\"og:image:width\" content=\"1594\" \/>\n\t<meta property=\"og:image:height\" content=\"1075\" \/>\n\t<meta property=\"og:image:type\" content=\"image\/webp\" \/>\n<meta name=\"twitter:card\" content=\"summary_large_image\" \/>\n<meta name=\"twitter:label1\" content=\"Est. reading time\" \/>\n\t<meta name=\"twitter:data1\" content=\"2 minutes\" \/>\n<script type=\"application\/ld+json\" class=\"yoast-schema-graph\">{\"@context\":\"https:\\\/\\\/schema.org\",\"@graph\":[{\"@type\":\"WebPage\",\"@id\":\"https:\\\/\\\/lonnrotinkoulu.fi\\\/\",\"url\":\"https:\\\/\\\/lonnrotinkoulu.fi\\\/\",\"name\":\"Etusivu - L&Ouml;NNROTIN KOULU\",\"isPartOf\":{\"@id\":\"https:\\\/\\\/lonnrotinkoulu.fi\\\/#website\"},\"primaryImageOfPage\":{\"@id\":\"https:\\\/\\\/lonnrotinkoulu.fi\\\/#primaryimage\"},\"image\":{\"@id\":\"https:\\\/\\\/lonnrotinkoulu.fi\\\/#primaryimage\"},\"thumbnailUrl\":\"https:\\\/\\\/lonnrotinkoulu.fi\\\/wp-content\\\/uploads\\\/2025\\\/12\\\/Lonnrotin_koulu.webp\",\"datePublished\":\"2025-11-27T15:54:23+00:00\",\"dateModified\":\"2025-12-16T07:10:26+00:00\",\"description\":\"L\u00f6nnrotin Koulu Kajaanissa tarjoaa tilat useille yritt\u00e4jille ja palveluille. Lue rakennuksen historiasta ja nykyisist\u00e4 toimijoista.\",\"breadcrumb\":{\"@id\":\"https:\\\/\\\/lonnrotinkoulu.fi\\\/#breadcrumb\"},\"inLanguage\":\"en-US\",\"potentialAction\":[{\"@type\":\"ReadAction\",\"target\":[\"https:\\\/\\\/lonnrotinkoulu.fi\\\/\"]}]},{\"@type\":\"ImageObject\",\"inLanguage\":\"en-US\",\"@id\":\"https:\\\/\\\/lonnrotinkoulu.fi\\\/#primaryimage\",\"url\":\"https:\\\/\\\/lonnrotinkoulu.fi\\\/wp-content\\\/uploads\\\/2025\\\/12\\\/Lonnrotin_koulu.webp\",\"contentUrl\":\"https:\\\/\\\/lonnrotinkoulu.fi\\\/wp-content\\\/uploads\\\/2025\\\/12\\\/Lonnrotin_koulu.webp\"},{\"@type\":\"BreadcrumbList\",\"@id\":\"https:\\\/\\\/lonnrotinkoulu.fi\\\/#breadcrumb\",\"itemListElement\":[{\"@type\":\"ListItem\",\"position\":1,\"name\":\"Etusivu\",\"item\":\"https:\\\/\\\/lonnrotinkoulu.fi\\\/\"},{\"@type\":\"ListItem\",\"position\":2,\"name\":\"Etusivu\"}]},{\"@type\":\"WebSite\",\"@id\":\"https:\\\/\\\/lonnrotinkoulu.fi\\\/#website\",\"url\":\"https:\\\/\\\/lonnrotinkoulu.fi\\\/\",\"name\":\"L\u00f6nnrotin Koulu Kajaani\",\"description\":\"Historiallinen yrityskiinteist&ouml; Kajaanissa\",\"publisher\":{\"@id\":\"https:\\\/\\\/lonnrotinkoulu.fi\\\/#organization\"},\"potentialAction\":[{\"@type\":\"SearchAction\",\"target\":{\"@type\":\"EntryPoint\",\"urlTemplate\":\"https:\\\/\\\/lonnrotinkoulu.fi\\\/?s={search_term_string}\"},\"query-input\":{\"@type\":\"PropertyValueSpecification\",\"valueRequired\":true,\"valueName\":\"search_term_string\"}}],\"inLanguage\":\"en-US\"},{\"@type\":\"Organization\",\"@id\":\"https:\\\/\\\/lonnrotinkoulu.fi\\\/#organization\",\"name\":\"Kiinteist\u00f6 Oy L\u00f6nnrotin Koulu\",\"url\":\"https:\\\/\\\/lonnrotinkoulu.fi\\\/\",\"logo\":{\"@type\":\"ImageObject\",\"inLanguage\":\"en-US\",\"@id\":\"https:\\\/\\\/lonnrotinkoulu.fi\\\/#\\\/schema\\\/logo\\\/image\\\/\",\"url\":\"https:\\\/\\\/lonnrotinkoulu.fi\\\/wp-content\\\/uploads\\\/2025\\\/11\\\/logotumma.png\",\"contentUrl\":\"https:\\\/\\\/lonnrotinkoulu.fi\\\/wp-content\\\/uploads\\\/2025\\\/11\\\/logotumma.png\",\"width\":645,\"height\":440,\"caption\":\"Kiinteist\u00f6 Oy L\u00f6nnrotin Koulu\"},\"image\":{\"@id\":\"https:\\\/\\\/lonnrotinkoulu.fi\\\/#\\\/schema\\\/logo\\\/image\\\/\"}}]}<\/script>\n<!-- \/ Yoast SEO plugin. -->","yoast_head_json":{"title":"Etusivu - L&Ouml;NNROTIN KOULU","description":"L\u00f6nnrotin Koulu Kajaanissa tarjoaa tilat useille yritt\u00e4jille ja palveluille. Lue rakennuksen historiasta ja nykyisist\u00e4 toimijoista.","robots":{"index":"index","follow":"follow","max-snippet":"max-snippet:-1","max-image-preview":"max-image-preview:large","max-video-preview":"max-video-preview:-1"},"canonical":"https:\/\/lonnrotinkoulu.fi\/en\/","og_locale":"en_US","og_type":"article","og_title":"Etusivu - L&Ouml;NNROTIN KOULU","og_description":"L\u00f6nnrotin Koulu Kajaanissa tarjoaa tilat useille yritt\u00e4jille ja palveluille. Lue rakennuksen historiasta ja nykyisist\u00e4 toimijoista.","og_url":"https:\/\/lonnrotinkoulu.fi\/en\/","og_site_name":"L&Ouml;NNROTIN KOULU","article_modified_time":"2025-12-16T07:10:26+00:00","og_image":[{"width":1594,"height":1075,"url":"https:\/\/lonnrotinkoulu.fi\/wp-content\/uploads\/2025\/12\/Lonnrotin_koulu.webp","type":"image\/webp"}],"twitter_card":"summary_large_image","twitter_misc":{"Est. reading time":"2 minutes"},"schema":{"@context":"https:\/\/schema.org","@graph":[{"@type":"WebPage","@id":"https:\/\/lonnrotinkoulu.fi\/","url":"https:\/\/lonnrotinkoulu.fi\/","name":"Etusivu - L&Ouml;NNROTIN KOULU","isPartOf":{"@id":"https:\/\/lonnrotinkoulu.fi\/#website"},"primaryImageOfPage":{"@id":"https:\/\/lonnrotinkoulu.fi\/#primaryimage"},"image":{"@id":"https:\/\/lonnrotinkoulu.fi\/#primaryimage"},"thumbnailUrl":"https:\/\/lonnrotinkoulu.fi\/wp-content\/uploads\/2025\/12\/Lonnrotin_koulu.webp","datePublished":"2025-11-27T15:54:23+00:00","dateModified":"2025-12-16T07:10:26+00:00","description":"L\u00f6nnrotin Koulu Kajaanissa tarjoaa tilat useille yritt\u00e4jille ja palveluille. Lue rakennuksen historiasta ja nykyisist\u00e4 toimijoista.","breadcrumb":{"@id":"https:\/\/lonnrotinkoulu.fi\/#breadcrumb"},"inLanguage":"en-US","potentialAction":[{"@type":"ReadAction","target":["https:\/\/lonnrotinkoulu.fi\/"]}]},{"@type":"ImageObject","inLanguage":"en-US","@id":"https:\/\/lonnrotinkoulu.fi\/#primaryimage","url":"https:\/\/lonnrotinkoulu.fi\/wp-content\/uploads\/2025\/12\/Lonnrotin_koulu.webp","contentUrl":"https:\/\/lonnrotinkoulu.fi\/wp-content\/uploads\/2025\/12\/Lonnrotin_koulu.webp"},{"@type":"BreadcrumbList","@id":"https:\/\/lonnrotinkoulu.fi\/#breadcrumb","itemListElement":[{"@type":"ListItem","position":1,"name":"Etusivu","item":"https:\/\/lonnrotinkoulu.fi\/"},{"@type":"ListItem","position":2,"name":"Etusivu"}]},{"@type":"WebSite","@id":"https:\/\/lonnrotinkoulu.fi\/#website","url":"https:\/\/lonnrotinkoulu.fi\/","name":"L\u00f6nnrotin Koulu Kajaani","description":"Historiallinen yrityskiinteist&ouml; Kajaanissa","publisher":{"@id":"https:\/\/lonnrotinkoulu.fi\/#organization"},"potentialAction":[{"@type":"SearchAction","target":{"@type":"EntryPoint","urlTemplate":"https:\/\/lonnrotinkoulu.fi\/?s={search_term_string}"},"query-input":{"@type":"PropertyValueSpecification","valueRequired":true,"valueName":"search_term_string"}}],"inLanguage":"en-US"},{"@type":"Organization","@id":"https:\/\/lonnrotinkoulu.fi\/#organization","name":"Kiinteist\u00f6 Oy L\u00f6nnrotin Koulu","url":"https:\/\/lonnrotinkoulu.fi\/","logo":{"@type":"ImageObject","inLanguage":"en-US","@id":"https:\/\/lonnrotinkoulu.fi\/#\/schema\/logo\/image\/","url":"https:\/\/lonnrotinkoulu.fi\/wp-content\/uploads\/2025\/11\/logotumma.png","contentUrl":"https:\/\/lonnrotinkoulu.fi\/wp-content\/uploads\/2025\/11\/logotumma.png","width":645,"height":440,"caption":"Kiinteist\u00f6 Oy L\u00f6nnrotin Koulu"},"image":{"@id":"https:\/\/lonnrotinkoulu.fi\/#\/schema\/logo\/image\/"}}]}},"_links":{"self":[{"href":"https:\/\/lonnrotinkoulu.fi\/en\/wp-json\/wp\/v2\/pages\/31","targetHints":{"allow":["GET"]}}],"collection":[{"href":"https:\/\/lonnrotinkoulu.fi\/en\/wp-json\/wp\/v2\/pages"}],"about":[{"href":"https:\/\/lonnrotinkoulu.fi\/en\/wp-json\/wp\/v2\/types\/page"}],"author":[{"embeddable":true,"href":"https:\/\/lonnrotinkoulu.fi\/en\/wp-json\/wp\/v2\/users\/1"}],"replies":[{"embeddable":true,"href":"https:\/\/lonnrotinkoulu.fi\/en\/wp-json\/wp\/v2\/comments?post=31"}],"version-history":[{"count":24,"href":"https:\/\/lonnrotinkoulu.fi\/en\/wp-json\/wp\/v2\/pages\/31\/revisions"}],"predecessor-version":[{"id":758,"href":"https:\/\/lonnrotinkoulu.fi\/en\/wp-json\/wp\/v2\/pages\/31\/revisions\/758"}],"wp:attachment":[{"href":"https:\/\/lonnrotinkoulu.fi\/en\/wp-json\/wp\/v2\/media?parent=31"}],"curies":[{"name":"wp","href":"https:\/\/api.w.org\/{rel}","templated":true}]}}