{"id":402,"date":"2025-12-11T06:46:33","date_gmt":"2025-12-11T06:46:33","guid":{"rendered":"https:\/\/lonnrotinkoulu.fi\/?page_id=402"},"modified":"2025-12-13T14:05:58","modified_gmt":"2025-12-13T14:05:58","slug":"insinooritoimisto-waativa","status":"publish","type":"page","link":"https:\/\/lonnrotinkoulu.fi\/en\/yritykset\/insinooritoimisto-waativa\/","title":{"rendered":"Engineering Office Waativa"},"content":{"rendered":"<div class=\"wp-block-group alignwide has-global-padding is-layout-constrained wp-container-core-group-is-layout-4c48b175 wp-block-group-is-layout-constrained\" style=\"margin-top:0;margin-bottom:0;padding-top:0;padding-right:0;padding-bottom:0;padding-left:0\">\n<div class=\"wp-block-columns alignwide are-vertically-aligned-center is-layout-flex wp-container-core-columns-is-layout-1da03c2a wp-block-columns-is-layout-flex\">\n<div class=\"wp-block-column is-vertically-aligned-center is-layout-flow wp-block-column-is-layout-flow\" style=\"flex-basis:50%\">\n<figure class=\"wp-block-image size-large is-style-rounded is-style-rounded--1\"><img loading=\"lazy\" decoding=\"async\" width=\"1024\" height=\"1024\" src=\"https:\/\/lonnrotinkoulu.fi\/wp-content\/uploads\/2025\/12\/waativa_logo_vihr-1024x1024.png\" alt=\"Insin\u00f6\u00f6ritoimisto Waativan logo.\" class=\"wp-image-350\" style=\"aspect-ratio:3\/4;object-fit:cover\" srcset=\"https:\/\/lonnrotinkoulu.fi\/wp-content\/uploads\/2025\/12\/waativa_logo_vihr-1024x1024.png 1024w, https:\/\/lonnrotinkoulu.fi\/wp-content\/uploads\/2025\/12\/waativa_logo_vihr-300x300.png 300w, https:\/\/lonnrotinkoulu.fi\/wp-content\/uploads\/2025\/12\/waativa_logo_vihr-150x150.png 150w, https:\/\/lonnrotinkoulu.fi\/wp-content\/uploads\/2025\/12\/waativa_logo_vihr-768x768.png 768w, https:\/\/lonnrotinkoulu.fi\/wp-content\/uploads\/2025\/12\/waativa_logo_vihr-1536x1536.png 1536w, https:\/\/lonnrotinkoulu.fi\/wp-content\/uploads\/2025\/12\/waativa_logo_vihr-12x12.png 12w, https:\/\/lonnrotinkoulu.fi\/wp-content\/uploads\/2025\/12\/waativa_logo_vihr.png 2000w\" sizes=\"auto, (max-width: 1024px) 100vw, 1024px\" \/><\/figure>\n<\/div>\n\n\n\n<div class=\"wp-block-column is-vertically-aligned-center is-layout-flow wp-block-column-is-layout-flow\" style=\"flex-basis:50%\">\n<h2 class=\"wp-block-heading\">Engineering Office Waativa<\/h2>\n\n\n\n<div class=\"wp-block-group is-vertical is-layout-flex wp-container-core-group-is-layout-fe9cc265 wp-block-group-is-layout-flex\" style=\"min-height:100%\">\n<p class=\"has-medium-font-size\">Waativa Engineering Office operates as a specialist in property lifecycle management. <br><br>Our core services include property condition assessments and a wide range of investigations that help housing companies and property owners plan future renovation projects and ensure the long-term preservation of property value. Our particular strength lies in comprehensive and thorough condition assessments that include a long-term maintenance and repair plan (PTS). <br><br>Waativa Engineering Ltd. provides services nationwide and tailors its service packages to meet the specific needs of its clients. <\/p>\n\n\n\n<div class=\"wp-block-group is-nowrap is-layout-flex wp-container-core-group-is-layout-756bd391 wp-block-group-is-layout-flex\" style=\"margin-top:var(--wp--preset--spacing--10);margin-bottom:var(--wp--preset--spacing--10);padding-top:0;padding-bottom:0\">\n<div class=\"wp-block-buttons is-layout-flex wp-block-buttons-is-layout-flex\">\n<div class=\"wp-block-button\"><a class=\"wp-block-button__link wp-element-button\" href=\"https:\/\/www.waativa.fi\/\">Website<\/a><\/div>\n<\/div>\n\n\n\n<ul class=\"wp-block-social-links is-layout-flex wp-block-social-links-is-layout-flex\"><li class=\"wp-social-link wp-social-link-linkedin  wp-block-social-link\"><a href=\"https:\/\/www.linkedin.com\/company\/oy-waativa-ab\" class=\"wp-block-social-link-anchor\"><svg width=\"24\" height=\"24\" viewbox=\"0 0 24 24\" version=\"1.1\" xmlns=\"http:\/\/www.w3.org\/2000\/svg\" aria-hidden=\"true\" focusable=\"false\"><path d=\"M19.7,3H4.3C3.582,3,3,3.582,3,4.3v15.4C3,20.418,3.582,21,4.3,21h15.4c0.718,0,1.3-0.582,1.3-1.3V4.3 C21,3.582,20.418,3,19.7,3z M8.339,18.338H5.667v-8.59h2.672V18.338z M7.004,8.574c-0.857,0-1.549-0.694-1.549-1.548 c0-0.855,0.691-1.548,1.549-1.548c0.854,0,1.547,0.694,1.547,1.548C8.551,7.881,7.858,8.574,7.004,8.574z M18.339,18.338h-2.669 v-4.177c0-0.996-0.017-2.278-1.387-2.278c-1.389,0-1.601,1.086-1.601,2.206v4.249h-2.667v-8.59h2.559v1.174h0.037 c0.356-0.675,1.227-1.387,2.526-1.387c2.703,0,3.203,1.779,3.203,4.092V18.338z\"><\/path><\/svg><span class=\"wp-block-social-link-label screen-reader-text\">LinkedIn<\/span><\/a><\/li><\/ul>\n<\/div>\n<\/div>\n\n\n\n<figure class=\"wp-block-image size-thumbnail is-resized\" style=\"margin-top:var(--wp--preset--spacing--20)\"><img loading=\"lazy\" decoding=\"async\" width=\"150\" height=\"150\" src=\"https:\/\/lonnrotinkoulu.fi\/wp-content\/uploads\/2025\/12\/SuomalaistaPalvelua_rgb-150x150.png\" alt=\"Suomen avainlippumerkki.\" class=\"wp-image-349\" style=\"width:75px;height:auto\" srcset=\"https:\/\/lonnrotinkoulu.fi\/wp-content\/uploads\/2025\/12\/SuomalaistaPalvelua_rgb-150x150.png 150w, https:\/\/lonnrotinkoulu.fi\/wp-content\/uploads\/2025\/12\/SuomalaistaPalvelua_rgb-12x12.png 12w\" sizes=\"auto, (max-width: 150px) 100vw, 150px\" \/><\/figure>\n<\/div>\n<\/div>\n<\/div>\n\n\n\n<div style=\"height:100px\" aria-hidden=\"true\" class=\"wp-block-spacer\"><\/div>","protected":false},"excerpt":{"rendered":"<p>Insin\u00f6\u00f6ritoimisto Waativa Insin\u00f6\u00f6ritoimisto Waativa toimii kiinteist\u00f6jen elinkaaren hallinnan asiantuntijana. Keskeisi\u00e4 palveluja ovat kiinteist\u00f6jen kuntoarviot ja erilaiset tutkimukset, joiden avulla taloyhti\u00f6t ja kiinteist\u00f6nomistajat voivat suunnitella tulevia korjaushankkeita sek\u00e4 huolehtia kiinteist\u00f6n arvon s\u00e4ilymisest\u00e4. Erityisvahvuutena ovat laajat ja perusteelliset kuntoarviot, joihin sis\u00e4ltyy pitk\u00e4n t\u00e4ht\u00e4imen korjaussuunnitelma (PTS). Insin\u00f6\u00f6ritoimisto Waativa palvelee valtakunnallisesti ja muokkaa palvelukokonaisuudet asiakkaiden tarpeiden mukaisiksi.<\/p>","protected":false},"author":1,"featured_media":0,"parent":2,"menu_order":0,"comment_status":"closed","ping_status":"closed","template":"","meta":{"footnotes":""},"class_list":["post-402","page","type-page","status-publish","hentry"],"yoast_head":"<!-- This site is optimized with the Yoast SEO plugin v27.5 - https:\/\/yoast.com\/product\/yoast-seo-wordpress\/ -->\n<title>Insin\u00f6\u00f6ritoimisto Waativa - L&Ouml;NNROTIN KOULU<\/title>\n<meta name=\"description\" content=\"Waativa tekee kiinteist\u00f6jen kuntoarviot, tutkimukset ja PTS-suunnitelmat. Asiantuntevaa palvelua taloyhti\u00f6ille ja kiinteist\u00f6nomistajille.\" \/>\n<meta name=\"robots\" content=\"index, follow, max-snippet:-1, max-image-preview:large, max-video-preview:-1\" \/>\n<link rel=\"canonical\" href=\"https:\/\/lonnrotinkoulu.fi\/en\/yritykset\/insinooritoimisto-waativa\/\" \/>\n<meta property=\"og:locale\" content=\"en_US\" \/>\n<meta property=\"og:type\" content=\"article\" \/>\n<meta property=\"og:title\" content=\"Insin\u00f6\u00f6ritoimisto Waativa - L&Ouml;NNROTIN KOULU\" \/>\n<meta property=\"og:description\" content=\"Waativa tekee kiinteist\u00f6jen kuntoarviot, tutkimukset ja PTS-suunnitelmat. Asiantuntevaa palvelua taloyhti\u00f6ille ja kiinteist\u00f6nomistajille.\" \/>\n<meta property=\"og:url\" content=\"https:\/\/lonnrotinkoulu.fi\/en\/yritykset\/insinooritoimisto-waativa\/\" \/>\n<meta property=\"og:site_name\" content=\"L&Ouml;NNROTIN KOULU\" \/>\n<meta property=\"article:modified_time\" content=\"2025-12-13T14:05:58+00:00\" \/>\n<meta property=\"og:image\" content=\"https:\/\/lonnrotinkoulu.fi\/wp-content\/uploads\/2025\/12\/waativa_logo_vihr.png\" \/>\n\t<meta property=\"og:image:width\" content=\"2000\" \/>\n\t<meta property=\"og:image:height\" content=\"2000\" \/>\n\t<meta property=\"og:image:type\" content=\"image\/png\" \/>\n<meta name=\"twitter:card\" content=\"summary_large_image\" \/>\n<meta name=\"twitter:label1\" content=\"Est. reading time\" \/>\n\t<meta name=\"twitter:data1\" content=\"1 minute\" \/>\n<script type=\"application\/ld+json\" class=\"yoast-schema-graph\">{\"@context\":\"https:\\\/\\\/schema.org\",\"@graph\":[{\"@type\":\"WebPage\",\"@id\":\"https:\\\/\\\/lonnrotinkoulu.fi\\\/yritykset\\\/insinooritoimisto-waativa\\\/\",\"url\":\"https:\\\/\\\/lonnrotinkoulu.fi\\\/yritykset\\\/insinooritoimisto-waativa\\\/\",\"name\":\"Insin\u00f6\u00f6ritoimisto Waativa - L&Ouml;NNROTIN KOULU\",\"isPartOf\":{\"@id\":\"https:\\\/\\\/lonnrotinkoulu.fi\\\/#website\"},\"primaryImageOfPage\":{\"@id\":\"https:\\\/\\\/lonnrotinkoulu.fi\\\/yritykset\\\/insinooritoimisto-waativa\\\/#primaryimage\"},\"image\":{\"@id\":\"https:\\\/\\\/lonnrotinkoulu.fi\\\/yritykset\\\/insinooritoimisto-waativa\\\/#primaryimage\"},\"thumbnailUrl\":\"https:\\\/\\\/lonnrotinkoulu.fi\\\/wp-content\\\/uploads\\\/2025\\\/12\\\/waativa_logo_vihr-1024x1024.png\",\"datePublished\":\"2025-12-11T06:46:33+00:00\",\"dateModified\":\"2025-12-13T14:05:58+00:00\",\"description\":\"Waativa tekee kiinteist\u00f6jen kuntoarviot, tutkimukset ja PTS-suunnitelmat. Asiantuntevaa palvelua taloyhti\u00f6ille ja kiinteist\u00f6nomistajille.\",\"breadcrumb\":{\"@id\":\"https:\\\/\\\/lonnrotinkoulu.fi\\\/yritykset\\\/insinooritoimisto-waativa\\\/#breadcrumb\"},\"inLanguage\":\"en-US\",\"potentialAction\":[{\"@type\":\"ReadAction\",\"target\":[\"https:\\\/\\\/lonnrotinkoulu.fi\\\/yritykset\\\/insinooritoimisto-waativa\\\/\"]}]},{\"@type\":\"ImageObject\",\"inLanguage\":\"en-US\",\"@id\":\"https:\\\/\\\/lonnrotinkoulu.fi\\\/yritykset\\\/insinooritoimisto-waativa\\\/#primaryimage\",\"url\":\"https:\\\/\\\/lonnrotinkoulu.fi\\\/wp-content\\\/uploads\\\/2025\\\/12\\\/waativa_logo_vihr-1024x1024.png\",\"contentUrl\":\"https:\\\/\\\/lonnrotinkoulu.fi\\\/wp-content\\\/uploads\\\/2025\\\/12\\\/waativa_logo_vihr-1024x1024.png\"},{\"@type\":\"BreadcrumbList\",\"@id\":\"https:\\\/\\\/lonnrotinkoulu.fi\\\/yritykset\\\/insinooritoimisto-waativa\\\/#breadcrumb\",\"itemListElement\":[{\"@type\":\"ListItem\",\"position\":1,\"name\":\"Etusivu\",\"item\":\"https:\\\/\\\/lonnrotinkoulu.fi\\\/\"},{\"@type\":\"ListItem\",\"position\":2,\"name\":\"Yritykset\",\"item\":\"https:\\\/\\\/lonnrotinkoulu.fi\\\/yritykset\\\/\"},{\"@type\":\"ListItem\",\"position\":3,\"name\":\"Insin\u00f6\u00f6ritoimisto Waativa\"}]},{\"@type\":\"WebSite\",\"@id\":\"https:\\\/\\\/lonnrotinkoulu.fi\\\/#website\",\"url\":\"https:\\\/\\\/lonnrotinkoulu.fi\\\/\",\"name\":\"L\u00f6nnrotin Koulu Kajaani\",\"description\":\"Historiallinen yrityskiinteist&ouml; Kajaanissa\",\"publisher\":{\"@id\":\"https:\\\/\\\/lonnrotinkoulu.fi\\\/#organization\"},\"potentialAction\":[{\"@type\":\"SearchAction\",\"target\":{\"@type\":\"EntryPoint\",\"urlTemplate\":\"https:\\\/\\\/lonnrotinkoulu.fi\\\/?s={search_term_string}\"},\"query-input\":{\"@type\":\"PropertyValueSpecification\",\"valueRequired\":true,\"valueName\":\"search_term_string\"}}],\"inLanguage\":\"en-US\"},{\"@type\":\"Organization\",\"@id\":\"https:\\\/\\\/lonnrotinkoulu.fi\\\/#organization\",\"name\":\"Kiinteist\u00f6 Oy L\u00f6nnrotin Koulu\",\"url\":\"https:\\\/\\\/lonnrotinkoulu.fi\\\/\",\"logo\":{\"@type\":\"ImageObject\",\"inLanguage\":\"en-US\",\"@id\":\"https:\\\/\\\/lonnrotinkoulu.fi\\\/#\\\/schema\\\/logo\\\/image\\\/\",\"url\":\"https:\\\/\\\/lonnrotinkoulu.fi\\\/wp-content\\\/uploads\\\/2025\\\/11\\\/logotumma.png\",\"contentUrl\":\"https:\\\/\\\/lonnrotinkoulu.fi\\\/wp-content\\\/uploads\\\/2025\\\/11\\\/logotumma.png\",\"width\":645,\"height\":440,\"caption\":\"Kiinteist\u00f6 Oy L\u00f6nnrotin Koulu\"},\"image\":{\"@id\":\"https:\\\/\\\/lonnrotinkoulu.fi\\\/#\\\/schema\\\/logo\\\/image\\\/\"}}]}<\/script>\n<!-- \/ Yoast SEO plugin. -->","yoast_head_json":{"title":"Insin\u00f6\u00f6ritoimisto Waativa - L&Ouml;NNROTIN KOULU","description":"Waativa tekee kiinteist\u00f6jen kuntoarviot, tutkimukset ja PTS-suunnitelmat. Asiantuntevaa palvelua taloyhti\u00f6ille ja kiinteist\u00f6nomistajille.","robots":{"index":"index","follow":"follow","max-snippet":"max-snippet:-1","max-image-preview":"max-image-preview:large","max-video-preview":"max-video-preview:-1"},"canonical":"https:\/\/lonnrotinkoulu.fi\/en\/yritykset\/insinooritoimisto-waativa\/","og_locale":"en_US","og_type":"article","og_title":"Insin\u00f6\u00f6ritoimisto Waativa - L&Ouml;NNROTIN KOULU","og_description":"Waativa tekee kiinteist\u00f6jen kuntoarviot, tutkimukset ja PTS-suunnitelmat. Asiantuntevaa palvelua taloyhti\u00f6ille ja kiinteist\u00f6nomistajille.","og_url":"https:\/\/lonnrotinkoulu.fi\/en\/yritykset\/insinooritoimisto-waativa\/","og_site_name":"L&Ouml;NNROTIN KOULU","article_modified_time":"2025-12-13T14:05:58+00:00","og_image":[{"width":2000,"height":2000,"url":"https:\/\/lonnrotinkoulu.fi\/wp-content\/uploads\/2025\/12\/waativa_logo_vihr.png","type":"image\/png"}],"twitter_card":"summary_large_image","twitter_misc":{"Est. reading time":"1 minute"},"schema":{"@context":"https:\/\/schema.org","@graph":[{"@type":"WebPage","@id":"https:\/\/lonnrotinkoulu.fi\/yritykset\/insinooritoimisto-waativa\/","url":"https:\/\/lonnrotinkoulu.fi\/yritykset\/insinooritoimisto-waativa\/","name":"Insin\u00f6\u00f6ritoimisto Waativa - L&Ouml;NNROTIN KOULU","isPartOf":{"@id":"https:\/\/lonnrotinkoulu.fi\/#website"},"primaryImageOfPage":{"@id":"https:\/\/lonnrotinkoulu.fi\/yritykset\/insinooritoimisto-waativa\/#primaryimage"},"image":{"@id":"https:\/\/lonnrotinkoulu.fi\/yritykset\/insinooritoimisto-waativa\/#primaryimage"},"thumbnailUrl":"https:\/\/lonnrotinkoulu.fi\/wp-content\/uploads\/2025\/12\/waativa_logo_vihr-1024x1024.png","datePublished":"2025-12-11T06:46:33+00:00","dateModified":"2025-12-13T14:05:58+00:00","description":"Waativa tekee kiinteist\u00f6jen kuntoarviot, tutkimukset ja PTS-suunnitelmat. Asiantuntevaa palvelua taloyhti\u00f6ille ja kiinteist\u00f6nomistajille.","breadcrumb":{"@id":"https:\/\/lonnrotinkoulu.fi\/yritykset\/insinooritoimisto-waativa\/#breadcrumb"},"inLanguage":"en-US","potentialAction":[{"@type":"ReadAction","target":["https:\/\/lonnrotinkoulu.fi\/yritykset\/insinooritoimisto-waativa\/"]}]},{"@type":"ImageObject","inLanguage":"en-US","@id":"https:\/\/lonnrotinkoulu.fi\/yritykset\/insinooritoimisto-waativa\/#primaryimage","url":"https:\/\/lonnrotinkoulu.fi\/wp-content\/uploads\/2025\/12\/waativa_logo_vihr-1024x1024.png","contentUrl":"https:\/\/lonnrotinkoulu.fi\/wp-content\/uploads\/2025\/12\/waativa_logo_vihr-1024x1024.png"},{"@type":"BreadcrumbList","@id":"https:\/\/lonnrotinkoulu.fi\/yritykset\/insinooritoimisto-waativa\/#breadcrumb","itemListElement":[{"@type":"ListItem","position":1,"name":"Etusivu","item":"https:\/\/lonnrotinkoulu.fi\/"},{"@type":"ListItem","position":2,"name":"Yritykset","item":"https:\/\/lonnrotinkoulu.fi\/yritykset\/"},{"@type":"ListItem","position":3,"name":"Insin\u00f6\u00f6ritoimisto Waativa"}]},{"@type":"WebSite","@id":"https:\/\/lonnrotinkoulu.fi\/#website","url":"https:\/\/lonnrotinkoulu.fi\/","name":"L\u00f6nnrotin Koulu Kajaani","description":"Historiallinen yrityskiinteist&ouml; Kajaanissa","publisher":{"@id":"https:\/\/lonnrotinkoulu.fi\/#organization"},"potentialAction":[{"@type":"SearchAction","target":{"@type":"EntryPoint","urlTemplate":"https:\/\/lonnrotinkoulu.fi\/?s={search_term_string}"},"query-input":{"@type":"PropertyValueSpecification","valueRequired":true,"valueName":"search_term_string"}}],"inLanguage":"en-US"},{"@type":"Organization","@id":"https:\/\/lonnrotinkoulu.fi\/#organization","name":"Kiinteist\u00f6 Oy L\u00f6nnrotin Koulu","url":"https:\/\/lonnrotinkoulu.fi\/","logo":{"@type":"ImageObject","inLanguage":"en-US","@id":"https:\/\/lonnrotinkoulu.fi\/#\/schema\/logo\/image\/","url":"https:\/\/lonnrotinkoulu.fi\/wp-content\/uploads\/2025\/11\/logotumma.png","contentUrl":"https:\/\/lonnrotinkoulu.fi\/wp-content\/uploads\/2025\/11\/logotumma.png","width":645,"height":440,"caption":"Kiinteist\u00f6 Oy L\u00f6nnrotin Koulu"},"image":{"@id":"https:\/\/lonnrotinkoulu.fi\/#\/schema\/logo\/image\/"}}]}},"_links":{"self":[{"href":"https:\/\/lonnrotinkoulu.fi\/en\/wp-json\/wp\/v2\/pages\/402","targetHints":{"allow":["GET"]}}],"collection":[{"href":"https:\/\/lonnrotinkoulu.fi\/en\/wp-json\/wp\/v2\/pages"}],"about":[{"href":"https:\/\/lonnrotinkoulu.fi\/en\/wp-json\/wp\/v2\/types\/page"}],"author":[{"embeddable":true,"href":"https:\/\/lonnrotinkoulu.fi\/en\/wp-json\/wp\/v2\/users\/1"}],"replies":[{"embeddable":true,"href":"https:\/\/lonnrotinkoulu.fi\/en\/wp-json\/wp\/v2\/comments?post=402"}],"version-history":[{"count":15,"href":"https:\/\/lonnrotinkoulu.fi\/en\/wp-json\/wp\/v2\/pages\/402\/revisions"}],"predecessor-version":[{"id":631,"href":"https:\/\/lonnrotinkoulu.fi\/en\/wp-json\/wp\/v2\/pages\/402\/revisions\/631"}],"up":[{"embeddable":true,"href":"https:\/\/lonnrotinkoulu.fi\/en\/wp-json\/wp\/v2\/pages\/2"}],"wp:attachment":[{"href":"https:\/\/lonnrotinkoulu.fi\/en\/wp-json\/wp\/v2\/media?parent=402"}],"curies":[{"name":"wp","href":"https:\/\/api.w.org\/{rel}","templated":true}]}}