{"id":87,"date":"2025-12-04T13:56:23","date_gmt":"2025-12-04T13:56:23","guid":{"rendered":"https:\/\/lonnrotinkoulu.fi\/?page_id=87"},"modified":"2025-12-13T14:04:22","modified_gmt":"2025-12-13T14:04:22","slug":"verstos-oy","status":"publish","type":"page","link":"https:\/\/lonnrotinkoulu.fi\/en\/yritykset\/verstos-oy\/","title":{"rendered":"Bottiverstas (Verstos Oy)"},"content":{"rendered":"<div class=\"wp-block-media-text alignwide is-stacked-on-mobile\"><figure class=\"wp-block-media-text__media\"><img loading=\"lazy\" decoding=\"async\" width=\"774\" height=\"786\" src=\"https:\/\/lonnrotinkoulu.fi\/wp-content\/uploads\/2025\/12\/Bottiverstas_Janne_Ikola.webp\" alt=\"Henkil\u00f6kuva Bottiverstas-yrityksen omistajasta Janne Ikolasta.\" class=\"wp-image-117 size-full\" srcset=\"https:\/\/lonnrotinkoulu.fi\/wp-content\/uploads\/2025\/12\/Bottiverstas_Janne_Ikola.webp 774w, https:\/\/lonnrotinkoulu.fi\/wp-content\/uploads\/2025\/12\/Bottiverstas_Janne_Ikola-295x300.webp 295w, https:\/\/lonnrotinkoulu.fi\/wp-content\/uploads\/2025\/12\/Bottiverstas_Janne_Ikola-768x780.webp 768w\" sizes=\"auto, (max-width: 774px) 100vw, 774px\" \/><\/figure><div class=\"wp-block-media-text__content\">\n<h2 class=\"wp-block-heading\">Janne Ikola<\/h2>\n\n\n\n<p>Janne Ikola helps SMEs leverage AI to streamline business operations, increase staff productivity and improve customer service.&nbsp;<br>Bottiverstas offers training, workshops and tailored AI solutions for businesses.<\/p>\n\n\n\n<div style=\"height:23px\" aria-hidden=\"true\" class=\"wp-block-spacer\"><\/div>\n\n\n\n<div class=\"wp-block-buttons is-layout-flex wp-block-buttons-is-layout-flex\">\n<div class=\"wp-block-button\"><a class=\"wp-block-button__link wp-element-button\" href=\"https:\/\/www.bottiverstas.com\/\">Website<\/a><\/div>\n<\/div>\n<\/div><\/div>\n\n\n\n<div style=\"height:100px\" aria-hidden=\"true\" class=\"wp-block-spacer\"><\/div>","protected":false},"excerpt":{"rendered":"","protected":false},"author":1,"featured_media":0,"parent":2,"menu_order":0,"comment_status":"closed","ping_status":"closed","template":"","meta":{"footnotes":""},"class_list":["post-87","page","type-page","status-publish","hentry"],"yoast_head":"<!-- This site is optimized with the Yoast SEO plugin v27.5 - https:\/\/yoast.com\/product\/yoast-seo-wordpress\/ -->\n<title>Bottiverstas (Verstos Oy) - L&Ouml;NNROTIN KOULU<\/title>\n<meta name=\"description\" content=\"Bottiverstas \u2013 teko\u00e4lykoulutuksia ja r\u00e4\u00e4t\u00e4l\u00f6ityj\u00e4 AI-ratkaisuja pk-yrityksille. Tehosta toimintaasi ja kehit\u00e4 henkil\u00f6st\u00f6n osaamista.\" \/>\n<meta name=\"robots\" content=\"index, follow, max-snippet:-1, max-image-preview:large, max-video-preview:-1\" \/>\n<link rel=\"canonical\" href=\"https:\/\/lonnrotinkoulu.fi\/en\/yritykset\/verstos-oy\/\" \/>\n<meta property=\"og:locale\" content=\"en_US\" \/>\n<meta property=\"og:type\" content=\"article\" \/>\n<meta property=\"og:title\" content=\"Bottiverstas (Verstos Oy) - L&Ouml;NNROTIN KOULU\" \/>\n<meta property=\"og:description\" content=\"Bottiverstas \u2013 teko\u00e4lykoulutuksia ja r\u00e4\u00e4t\u00e4l\u00f6ityj\u00e4 AI-ratkaisuja pk-yrityksille. Tehosta toimintaasi ja kehit\u00e4 henkil\u00f6st\u00f6n osaamista.\" \/>\n<meta property=\"og:url\" content=\"https:\/\/lonnrotinkoulu.fi\/en\/yritykset\/verstos-oy\/\" \/>\n<meta property=\"og:site_name\" content=\"L&Ouml;NNROTIN KOULU\" \/>\n<meta property=\"article:modified_time\" content=\"2025-12-13T14:04:22+00:00\" \/>\n<meta property=\"og:image\" content=\"https:\/\/lonnrotinkoulu.fi\/wp-content\/uploads\/2025\/12\/Bottiverstas_Janne_Ikola.webp\" \/>\n\t<meta property=\"og:image:width\" content=\"774\" \/>\n\t<meta property=\"og:image:height\" content=\"786\" \/>\n\t<meta property=\"og:image:type\" content=\"image\/webp\" \/>\n<meta name=\"twitter:card\" content=\"summary_large_image\" \/>\n<meta name=\"twitter:label1\" content=\"Est. reading time\" \/>\n\t<meta name=\"twitter:data1\" content=\"1 minute\" \/>\n<script type=\"application\/ld+json\" class=\"yoast-schema-graph\">{\"@context\":\"https:\\\/\\\/schema.org\",\"@graph\":[{\"@type\":\"WebPage\",\"@id\":\"https:\\\/\\\/lonnrotinkoulu.fi\\\/yritykset\\\/verstos-oy\\\/\",\"url\":\"https:\\\/\\\/lonnrotinkoulu.fi\\\/yritykset\\\/verstos-oy\\\/\",\"name\":\"Bottiverstas (Verstos Oy) - L&Ouml;NNROTIN KOULU\",\"isPartOf\":{\"@id\":\"https:\\\/\\\/lonnrotinkoulu.fi\\\/#website\"},\"primaryImageOfPage\":{\"@id\":\"https:\\\/\\\/lonnrotinkoulu.fi\\\/yritykset\\\/verstos-oy\\\/#primaryimage\"},\"image\":{\"@id\":\"https:\\\/\\\/lonnrotinkoulu.fi\\\/yritykset\\\/verstos-oy\\\/#primaryimage\"},\"thumbnailUrl\":\"https:\\\/\\\/lonnrotinkoulu.fi\\\/wp-content\\\/uploads\\\/2025\\\/12\\\/Bottiverstas_Janne_Ikola.webp\",\"datePublished\":\"2025-12-04T13:56:23+00:00\",\"dateModified\":\"2025-12-13T14:04:22+00:00\",\"description\":\"Bottiverstas \u2013 teko\u00e4lykoulutuksia ja r\u00e4\u00e4t\u00e4l\u00f6ityj\u00e4 AI-ratkaisuja pk-yrityksille. Tehosta toimintaasi ja kehit\u00e4 henkil\u00f6st\u00f6n osaamista.\",\"breadcrumb\":{\"@id\":\"https:\\\/\\\/lonnrotinkoulu.fi\\\/yritykset\\\/verstos-oy\\\/#breadcrumb\"},\"inLanguage\":\"en-US\",\"potentialAction\":[{\"@type\":\"ReadAction\",\"target\":[\"https:\\\/\\\/lonnrotinkoulu.fi\\\/yritykset\\\/verstos-oy\\\/\"]}]},{\"@type\":\"ImageObject\",\"inLanguage\":\"en-US\",\"@id\":\"https:\\\/\\\/lonnrotinkoulu.fi\\\/yritykset\\\/verstos-oy\\\/#primaryimage\",\"url\":\"https:\\\/\\\/lonnrotinkoulu.fi\\\/wp-content\\\/uploads\\\/2025\\\/12\\\/Bottiverstas_Janne_Ikola.webp\",\"contentUrl\":\"https:\\\/\\\/lonnrotinkoulu.fi\\\/wp-content\\\/uploads\\\/2025\\\/12\\\/Bottiverstas_Janne_Ikola.webp\"},{\"@type\":\"BreadcrumbList\",\"@id\":\"https:\\\/\\\/lonnrotinkoulu.fi\\\/yritykset\\\/verstos-oy\\\/#breadcrumb\",\"itemListElement\":[{\"@type\":\"ListItem\",\"position\":1,\"name\":\"Etusivu\",\"item\":\"https:\\\/\\\/lonnrotinkoulu.fi\\\/\"},{\"@type\":\"ListItem\",\"position\":2,\"name\":\"Yritykset\",\"item\":\"https:\\\/\\\/lonnrotinkoulu.fi\\\/yritykset\\\/\"},{\"@type\":\"ListItem\",\"position\":3,\"name\":\"Bottiverstas (Verstos Oy)\"}]},{\"@type\":\"WebSite\",\"@id\":\"https:\\\/\\\/lonnrotinkoulu.fi\\\/#website\",\"url\":\"https:\\\/\\\/lonnrotinkoulu.fi\\\/\",\"name\":\"L\u00f6nnrotin Koulu Kajaani\",\"description\":\"Historiallinen yrityskiinteist&ouml; Kajaanissa\",\"publisher\":{\"@id\":\"https:\\\/\\\/lonnrotinkoulu.fi\\\/#organization\"},\"potentialAction\":[{\"@type\":\"SearchAction\",\"target\":{\"@type\":\"EntryPoint\",\"urlTemplate\":\"https:\\\/\\\/lonnrotinkoulu.fi\\\/?s={search_term_string}\"},\"query-input\":{\"@type\":\"PropertyValueSpecification\",\"valueRequired\":true,\"valueName\":\"search_term_string\"}}],\"inLanguage\":\"en-US\"},{\"@type\":\"Organization\",\"@id\":\"https:\\\/\\\/lonnrotinkoulu.fi\\\/#organization\",\"name\":\"Kiinteist\u00f6 Oy L\u00f6nnrotin Koulu\",\"url\":\"https:\\\/\\\/lonnrotinkoulu.fi\\\/\",\"logo\":{\"@type\":\"ImageObject\",\"inLanguage\":\"en-US\",\"@id\":\"https:\\\/\\\/lonnrotinkoulu.fi\\\/#\\\/schema\\\/logo\\\/image\\\/\",\"url\":\"https:\\\/\\\/lonnrotinkoulu.fi\\\/wp-content\\\/uploads\\\/2025\\\/11\\\/logotumma.png\",\"contentUrl\":\"https:\\\/\\\/lonnrotinkoulu.fi\\\/wp-content\\\/uploads\\\/2025\\\/11\\\/logotumma.png\",\"width\":645,\"height\":440,\"caption\":\"Kiinteist\u00f6 Oy L\u00f6nnrotin Koulu\"},\"image\":{\"@id\":\"https:\\\/\\\/lonnrotinkoulu.fi\\\/#\\\/schema\\\/logo\\\/image\\\/\"}}]}<\/script>\n<!-- \/ Yoast SEO plugin. -->","yoast_head_json":{"title":"Bottiverstas (Verstos Oy) - L&Ouml;NNROTIN KOULU","description":"Bottiverstas \u2013 teko\u00e4lykoulutuksia ja r\u00e4\u00e4t\u00e4l\u00f6ityj\u00e4 AI-ratkaisuja pk-yrityksille. Tehosta toimintaasi ja kehit\u00e4 henkil\u00f6st\u00f6n osaamista.","robots":{"index":"index","follow":"follow","max-snippet":"max-snippet:-1","max-image-preview":"max-image-preview:large","max-video-preview":"max-video-preview:-1"},"canonical":"https:\/\/lonnrotinkoulu.fi\/en\/yritykset\/verstos-oy\/","og_locale":"en_US","og_type":"article","og_title":"Bottiverstas (Verstos Oy) - L&Ouml;NNROTIN KOULU","og_description":"Bottiverstas \u2013 teko\u00e4lykoulutuksia ja r\u00e4\u00e4t\u00e4l\u00f6ityj\u00e4 AI-ratkaisuja pk-yrityksille. Tehosta toimintaasi ja kehit\u00e4 henkil\u00f6st\u00f6n osaamista.","og_url":"https:\/\/lonnrotinkoulu.fi\/en\/yritykset\/verstos-oy\/","og_site_name":"L&Ouml;NNROTIN KOULU","article_modified_time":"2025-12-13T14:04:22+00:00","og_image":[{"width":774,"height":786,"url":"https:\/\/lonnrotinkoulu.fi\/wp-content\/uploads\/2025\/12\/Bottiverstas_Janne_Ikola.webp","type":"image\/webp"}],"twitter_card":"summary_large_image","twitter_misc":{"Est. reading time":"1 minute"},"schema":{"@context":"https:\/\/schema.org","@graph":[{"@type":"WebPage","@id":"https:\/\/lonnrotinkoulu.fi\/yritykset\/verstos-oy\/","url":"https:\/\/lonnrotinkoulu.fi\/yritykset\/verstos-oy\/","name":"Bottiverstas (Verstos Oy) - L&Ouml;NNROTIN KOULU","isPartOf":{"@id":"https:\/\/lonnrotinkoulu.fi\/#website"},"primaryImageOfPage":{"@id":"https:\/\/lonnrotinkoulu.fi\/yritykset\/verstos-oy\/#primaryimage"},"image":{"@id":"https:\/\/lonnrotinkoulu.fi\/yritykset\/verstos-oy\/#primaryimage"},"thumbnailUrl":"https:\/\/lonnrotinkoulu.fi\/wp-content\/uploads\/2025\/12\/Bottiverstas_Janne_Ikola.webp","datePublished":"2025-12-04T13:56:23+00:00","dateModified":"2025-12-13T14:04:22+00:00","description":"Bottiverstas \u2013 teko\u00e4lykoulutuksia ja r\u00e4\u00e4t\u00e4l\u00f6ityj\u00e4 AI-ratkaisuja pk-yrityksille. Tehosta toimintaasi ja kehit\u00e4 henkil\u00f6st\u00f6n osaamista.","breadcrumb":{"@id":"https:\/\/lonnrotinkoulu.fi\/yritykset\/verstos-oy\/#breadcrumb"},"inLanguage":"en-US","potentialAction":[{"@type":"ReadAction","target":["https:\/\/lonnrotinkoulu.fi\/yritykset\/verstos-oy\/"]}]},{"@type":"ImageObject","inLanguage":"en-US","@id":"https:\/\/lonnrotinkoulu.fi\/yritykset\/verstos-oy\/#primaryimage","url":"https:\/\/lonnrotinkoulu.fi\/wp-content\/uploads\/2025\/12\/Bottiverstas_Janne_Ikola.webp","contentUrl":"https:\/\/lonnrotinkoulu.fi\/wp-content\/uploads\/2025\/12\/Bottiverstas_Janne_Ikola.webp"},{"@type":"BreadcrumbList","@id":"https:\/\/lonnrotinkoulu.fi\/yritykset\/verstos-oy\/#breadcrumb","itemListElement":[{"@type":"ListItem","position":1,"name":"Etusivu","item":"https:\/\/lonnrotinkoulu.fi\/"},{"@type":"ListItem","position":2,"name":"Yritykset","item":"https:\/\/lonnrotinkoulu.fi\/yritykset\/"},{"@type":"ListItem","position":3,"name":"Bottiverstas (Verstos Oy)"}]},{"@type":"WebSite","@id":"https:\/\/lonnrotinkoulu.fi\/#website","url":"https:\/\/lonnrotinkoulu.fi\/","name":"L\u00f6nnrotin Koulu Kajaani","description":"Historiallinen yrityskiinteist&ouml; Kajaanissa","publisher":{"@id":"https:\/\/lonnrotinkoulu.fi\/#organization"},"potentialAction":[{"@type":"SearchAction","target":{"@type":"EntryPoint","urlTemplate":"https:\/\/lonnrotinkoulu.fi\/?s={search_term_string}"},"query-input":{"@type":"PropertyValueSpecification","valueRequired":true,"valueName":"search_term_string"}}],"inLanguage":"en-US"},{"@type":"Organization","@id":"https:\/\/lonnrotinkoulu.fi\/#organization","name":"Kiinteist\u00f6 Oy L\u00f6nnrotin Koulu","url":"https:\/\/lonnrotinkoulu.fi\/","logo":{"@type":"ImageObject","inLanguage":"en-US","@id":"https:\/\/lonnrotinkoulu.fi\/#\/schema\/logo\/image\/","url":"https:\/\/lonnrotinkoulu.fi\/wp-content\/uploads\/2025\/11\/logotumma.png","contentUrl":"https:\/\/lonnrotinkoulu.fi\/wp-content\/uploads\/2025\/11\/logotumma.png","width":645,"height":440,"caption":"Kiinteist\u00f6 Oy L\u00f6nnrotin Koulu"},"image":{"@id":"https:\/\/lonnrotinkoulu.fi\/#\/schema\/logo\/image\/"}}]}},"_links":{"self":[{"href":"https:\/\/lonnrotinkoulu.fi\/en\/wp-json\/wp\/v2\/pages\/87","targetHints":{"allow":["GET"]}}],"collection":[{"href":"https:\/\/lonnrotinkoulu.fi\/en\/wp-json\/wp\/v2\/pages"}],"about":[{"href":"https:\/\/lonnrotinkoulu.fi\/en\/wp-json\/wp\/v2\/types\/page"}],"author":[{"embeddable":true,"href":"https:\/\/lonnrotinkoulu.fi\/en\/wp-json\/wp\/v2\/users\/1"}],"replies":[{"embeddable":true,"href":"https:\/\/lonnrotinkoulu.fi\/en\/wp-json\/wp\/v2\/comments?post=87"}],"version-history":[{"count":11,"href":"https:\/\/lonnrotinkoulu.fi\/en\/wp-json\/wp\/v2\/pages\/87\/revisions"}],"predecessor-version":[{"id":629,"href":"https:\/\/lonnrotinkoulu.fi\/en\/wp-json\/wp\/v2\/pages\/87\/revisions\/629"}],"up":[{"embeddable":true,"href":"https:\/\/lonnrotinkoulu.fi\/en\/wp-json\/wp\/v2\/pages\/2"}],"wp:attachment":[{"href":"https:\/\/lonnrotinkoulu.fi\/en\/wp-json\/wp\/v2\/media?parent=87"}],"curies":[{"name":"wp","href":"https:\/\/api.w.org\/{rel}","templated":true}]}}